{"id":573,"date":"2019-02-19T01:19:12","date_gmt":"2019-02-19T01:19:12","guid":{"rendered":"http:\/\/laquintadelsol.wpengine.com\/?page_id=573"},"modified":"2023-06-29T19:53:06","modified_gmt":"2023-06-29T19:53:06","slug":"inicio","status":"publish","type":"page","link":"https:\/\/laquintadelsol.com\/es\/","title":{"rendered":"Inicio"},"content":{"rendered":"<h2>\n\t\tEl #1 Hotel Boutique en Punta de Mita\n\t<\/h2>\n\t\t\t<a href=\"https:\/\/v2.reservationkey.com\/lqds\/Espanol\" target=\"_blank\" role=\"button\" rel=\"noopener\">\n\t\t\t\t\t\t\tVER TARIFAS\n\t\t\t\t\t<\/a>\n<h3>\n\t\tBienvenidos\n\t<\/h3>\n\t<p>Desde el momento que llega a nuestras playas en la Riviera Nayarit, comienza la gentil transici\u00f3n.<\/p>\n<p>Sentir\u00e1 la relajante atmosfera de El Hotel La Quinta del Sol cuando se instale en este tradicional pueblo mexicano con sus tranquilas playas.<\/p>\n<p>Rel\u00e1jese en una de nuestras siete habitaciones tipo estudio, en nuestra paradisiaca playa en la Bah\u00eda de Banderas, cada una con cocinas totalmente equipadas, c\u00f3modas camas, y balcones con vista al mar.<\/p>\n<p>Aventuras locales incluyen el surf, Paddle boarding, pesca deportiva, observaci\u00f3n de ballenas y snorkel. A pocos pasos del Hotel La Quinta del Sol se puede explorar la playa El Anclote, Sayulita, Bucerias, San Pancho y Las Islas Marietas.<\/p>\n\tCon vistas panor\u00e1micas de la Bah\u00eda de Banderas, nuestra Terraza es ciertamente el lugar para disfrutar el atardecer cada d\u00eda<br \/>\n\u2013 descansar en la hamaca y ver como el sol lentamente cae m\u00e1s all\u00e1 del horizonte. Una corta caminata le recompensara con una variedad de excelentes restaurantes de fresca cocina regional.\n<p>Ideal para parejas de luna de miel, familias y grupos peque\u00f1os, el hotel con su c\u00f3moda vista frente al mar ofrece lo mejor de la Riviera Nayarit, alojamiento con una gran hospitalidad. A unos pasos desde la Playa Punta de Mita, El Hotel La Quinta Del Sol esta cerca de Puerto Vallarta y es el lugar ideal para escapar, por el fin de semana o una semana entera.<\/p>\n<h3>\n\t\tHotel La Quinta del Sol\n\t<\/h3>\n<h3>\n\t\tUn tesoro escondido en la Costa del Pac\u00edfico Mexicano\n\t<\/h3>\n\t<a href=\"#\" id=\"trigger-\" data-modal=\"\" data-node=\"\">\n\t\t\t\t\t\t\t<img decoding=\"async\" src=\"https:\/\/laquintadelsol.com\/wp-content\/uploads\/2019\/02\/mirar-video.jpg\" \/>\n\t\t\t\t\t<\/a>\n\t\t\t\t\t\tPreview\n\t\t\tmodal-\n\t\t\t\t<a href=\"https:\/\/laquintadelsol.com\/es\/habitaciones\/\" target=\"_self\" itemprop=\"url\" rel=\"noopener\">\n\t\t\t\t<img loading=\"lazy\" decoding=\"async\" src=\"https:\/\/laquintadelsol.com\/wp-content\/uploads\/2019\/02\/around2.jpg\" alt=\"around2\" itemprop=\"image\" height=\"600\" width=\"900\" title=\"around2\" onerror=\"this.style.display='none'\"  \/>\n\t\t\t\t<\/a>\n         RECOMMENDED ON \n        <a target=\"_blank\" href=\"https:\/\/www.tripadvisor.com\/\" rel=\"noopener\"><img decoding=\"async\" src=\"\/wp-content\/uploads\/2019\/02\/tripad.png\"> <\/a>\n        <a target=\"_blank\" href=\"https:\/\/www.tripadvisor.com\/Hotel_Review-g499443-d1211284-Reviews-Hotel_La_Quinta_del_Sol-Punta_de_Mita_Pacific_Coast-m11424.html\" onclick=\"ta.cds.handleTALink(11424,this);return true;\" rel=\"nofollow noopener\">Hotel La Quinta del<br>Sol<\/a>\n<p>\u201cExcelente lugar&#8230;Un lugar para relajarse muy muy ameno y muy recomendable. La vista en la terraza esta muy padre. Est\u00e1 muy cerca de la playa y uno puede relajarse tranquilamente en su club de playa.\u00bb<\/p>\n<p><img decoding=\"async\" src=\"\/wp-content\/uploads\/2019\/02\/avatar072.jpg\" width=\"58px\" height=\"58px\" \/><\/p>\nAdan A<br \/>\nMexico<br \/>\n5 de 5 estrellas\n<p>\u201cImpresionante!! Ustedes hicieron la diferencia en este viaje que ha sido el mejor de mi vida en el mejor hotel de Punta de Mita&#8230;estamos agradecidos con La Quinta del Sol.\u00bb<\/p>\n<p><img decoding=\"async\" src=\"\/wp-content\/uploads\/2019\/02\/millan-m.jpg\" width=\"58px\" height=\"58px\" \/><\/p>\nMillan M<br \/>\nGuadalajara<br \/>\n5 de 5 estrellas\n<p>\u00abMe encant\u00f3!!! Primera vez que vamos a punta mita, y el lugar simplemente nos encant\u00f3, el hotel es lindo, tranquilo, c\u00f3modo, sencillo, junto al mar, con tu propia cocineta, refri, y el servicio excelente, te hacen sentir como en casa!\u00bb<\/p>\n<p><img decoding=\"async\" src=\"\/wp-content\/uploads\/2019\/02\/steve-v.jpg\" width=\"58px\" height=\"58px\" \/><\/p>\nCorzass<br \/>\nMexico D.F.<br \/>\n5 de 5 estrellas\n\t<p>\u00bfListo para escaparte al Para\u00edso?<\/p>\n\t<a href=\"\/rooms\/\">Escoger una Habitaci\u00f3n<\/a>\n","protected":false},"excerpt":{"rendered":"<p>El #1 Hotel Boutique en Punta de Mita VER TARIFAS Bienvenidos Desde el momento que llega a nuestras playas en la Riviera Nayarit, comienza la gentil transici\u00f3n. Sentir\u00e1 la relajante atmosfera de El Hotel La Quinta del Sol cuando se instale en este tradicional pueblo mexicano con sus tranquilas playas. Rel\u00e1jese en una de nuestras&hellip;<\/p>\n","protected":false},"author":3,"featured_media":0,"parent":0,"menu_order":0,"comment_status":"closed","ping_status":"closed","template":"","meta":{"_monsterinsights_skip_tracking":false,"_monsterinsights_sitenote_active":false,"_monsterinsights_sitenote_note":"","_monsterinsights_sitenote_category":0,"footnotes":""},"class_list":["post-573","page","type-page","status-publish","hentry"],"yoast_head":"<!-- This site is optimized with the Yoast SEO plugin v22.6 - https:\/\/yoast.com\/wordpress\/plugins\/seo\/ -->\n<title>Inicio - Hotel La Quinta del Sol<\/title>\n<meta name=\"robots\" content=\"index, follow, max-snippet:-1, max-image-preview:large, max-video-preview:-1\" \/>\n<link rel=\"canonical\" href=\"https:\/\/laquintadelsol.com\/es\/\" \/>\n<meta property=\"og:locale\" content=\"es_ES\" \/>\n<meta property=\"og:type\" content=\"article\" \/>\n<meta property=\"og:title\" content=\"Inicio - Hotel La Quinta del Sol\" \/>\n<meta property=\"og:description\" content=\"El #1 Hotel Boutique en Punta de Mita VER TARIFAS Bienvenidos Desde el momento que llega a nuestras playas en la Riviera Nayarit, comienza la gentil transici\u00f3n. Sentir\u00e1 la relajante atmosfera de El Hotel La Quinta del Sol cuando se instale en este tradicional pueblo mexicano con sus tranquilas playas. Rel\u00e1jese en una de nuestras&hellip;\" \/>\n<meta property=\"og:url\" content=\"https:\/\/laquintadelsol.com\/es\/\" \/>\n<meta property=\"og:site_name\" content=\"Hotel La Quinta del Sol\" \/>\n<meta property=\"article:publisher\" content=\"https:\/\/www.facebook.com\/HotelLaQuintaDelSol\/\" \/>\n<meta property=\"article:modified_time\" content=\"2023-06-29T19:53:06+00:00\" \/>\n<meta property=\"og:image\" content=\"https:\/\/laquintadelsol.com\/wp-content\/uploads\/2019\/02\/mirar-video.jpg\" \/>\n<meta name=\"twitter:card\" content=\"summary_large_image\" \/>\n<meta name=\"twitter:site\" content=\"@LaQuintaMita\" \/>\n<meta name=\"twitter:label1\" content=\"Tiempo de lectura\" \/>\n\t<meta name=\"twitter:data1\" content=\"2 minutos\" \/>\n<script type=\"application\/ld+json\" class=\"yoast-schema-graph\">{\"@context\":\"https:\/\/schema.org\",\"@graph\":[{\"@type\":\"WebPage\",\"@id\":\"https:\/\/laquintadelsol.com\/es\/\",\"url\":\"https:\/\/laquintadelsol.com\/es\/\",\"name\":\"Inicio - Hotel La Quinta del Sol\",\"isPartOf\":{\"@id\":\"https:\/\/laquintadelsol.com\/#website\"},\"primaryImageOfPage\":{\"@id\":\"https:\/\/laquintadelsol.com\/es\/#primaryimage\"},\"image\":{\"@id\":\"https:\/\/laquintadelsol.com\/es\/#primaryimage\"},\"thumbnailUrl\":\"https:\/\/laquintadelsol.com\/wp-content\/uploads\/2019\/02\/mirar-video.jpg\",\"datePublished\":\"2019-02-19T01:19:12+00:00\",\"dateModified\":\"2023-06-29T19:53:06+00:00\",\"breadcrumb\":{\"@id\":\"https:\/\/laquintadelsol.com\/es\/#breadcrumb\"},\"inLanguage\":\"es\",\"potentialAction\":[{\"@type\":\"ReadAction\",\"target\":[\"https:\/\/laquintadelsol.com\/es\/\"]}]},{\"@type\":\"ImageObject\",\"inLanguage\":\"es\",\"@id\":\"https:\/\/laquintadelsol.com\/es\/#primaryimage\",\"url\":\"https:\/\/laquintadelsol.com\/wp-content\/uploads\/2019\/02\/mirar-video.jpg\",\"contentUrl\":\"https:\/\/laquintadelsol.com\/wp-content\/uploads\/2019\/02\/mirar-video.jpg\"},{\"@type\":\"BreadcrumbList\",\"@id\":\"https:\/\/laquintadelsol.com\/es\/#breadcrumb\",\"itemListElement\":[{\"@type\":\"ListItem\",\"position\":1,\"name\":\"Home\",\"item\":\"https:\/\/laquintadelsol.com\/es\/\"},{\"@type\":\"ListItem\",\"position\":2,\"name\":\"Inicio\"}]},{\"@type\":\"WebSite\",\"@id\":\"https:\/\/laquintadelsol.com\/#website\",\"url\":\"https:\/\/laquintadelsol.com\/\",\"name\":\"Hotel La Quinta del Sol\",\"description\":\"The #1 Boutique Hotel in Punta de Mita\",\"publisher\":{\"@id\":\"https:\/\/laquintadelsol.com\/#organization\"},\"potentialAction\":[{\"@type\":\"SearchAction\",\"target\":{\"@type\":\"EntryPoint\",\"urlTemplate\":\"https:\/\/laquintadelsol.com\/?s={search_term_string}\"},\"query-input\":\"required name=search_term_string\"}],\"inLanguage\":\"es\"},{\"@type\":\"Organization\",\"@id\":\"https:\/\/laquintadelsol.com\/#organization\",\"name\":\"Hotel La Quinta del Sol\",\"url\":\"https:\/\/laquintadelsol.com\/\",\"logo\":{\"@type\":\"ImageObject\",\"inLanguage\":\"es\",\"@id\":\"https:\/\/laquintadelsol.com\/#\/schema\/logo\/image\/\",\"url\":\"https:\/\/laquintadelsol.com\/wp-content\/uploads\/2019\/10\/LaQuintalogo-1-to-1-for-Instagram.png\",\"contentUrl\":\"https:\/\/laquintadelsol.com\/wp-content\/uploads\/2019\/10\/LaQuintalogo-1-to-1-for-Instagram.png\",\"width\":200,\"height\":200,\"caption\":\"Hotel La Quinta del Sol\"},\"image\":{\"@id\":\"https:\/\/laquintadelsol.com\/#\/schema\/logo\/image\/\"},\"sameAs\":[\"https:\/\/www.facebook.com\/HotelLaQuintaDelSol\/\",\"https:\/\/x.com\/LaQuintaMita\",\"http:\/\/instagram.com\/hotellaquintadelsol\/\"]}]}<\/script>\n<!-- \/ Yoast SEO plugin. -->","yoast_head_json":{"title":"Inicio - Hotel La Quinta del Sol","robots":{"index":"index","follow":"follow","max-snippet":"max-snippet:-1","max-image-preview":"max-image-preview:large","max-video-preview":"max-video-preview:-1"},"canonical":"https:\/\/laquintadelsol.com\/es\/","og_locale":"es_ES","og_type":"article","og_title":"Inicio - Hotel La Quinta del Sol","og_description":"El #1 Hotel Boutique en Punta de Mita VER TARIFAS Bienvenidos Desde el momento que llega a nuestras playas en la Riviera Nayarit, comienza la gentil transici\u00f3n. Sentir\u00e1 la relajante atmosfera de El Hotel La Quinta del Sol cuando se instale en este tradicional pueblo mexicano con sus tranquilas playas. Rel\u00e1jese en una de nuestras&hellip;","og_url":"https:\/\/laquintadelsol.com\/es\/","og_site_name":"Hotel La Quinta del Sol","article_publisher":"https:\/\/www.facebook.com\/HotelLaQuintaDelSol\/","article_modified_time":"2023-06-29T19:53:06+00:00","og_image":[{"url":"https:\/\/laquintadelsol.com\/wp-content\/uploads\/2019\/02\/mirar-video.jpg"}],"twitter_card":"summary_large_image","twitter_site":"@LaQuintaMita","twitter_misc":{"Tiempo de lectura":"2 minutos"},"schema":{"@context":"https:\/\/schema.org","@graph":[{"@type":"WebPage","@id":"https:\/\/laquintadelsol.com\/es\/","url":"https:\/\/laquintadelsol.com\/es\/","name":"Inicio - Hotel La Quinta del Sol","isPartOf":{"@id":"https:\/\/laquintadelsol.com\/#website"},"primaryImageOfPage":{"@id":"https:\/\/laquintadelsol.com\/es\/#primaryimage"},"image":{"@id":"https:\/\/laquintadelsol.com\/es\/#primaryimage"},"thumbnailUrl":"https:\/\/laquintadelsol.com\/wp-content\/uploads\/2019\/02\/mirar-video.jpg","datePublished":"2019-02-19T01:19:12+00:00","dateModified":"2023-06-29T19:53:06+00:00","breadcrumb":{"@id":"https:\/\/laquintadelsol.com\/es\/#breadcrumb"},"inLanguage":"es","potentialAction":[{"@type":"ReadAction","target":["https:\/\/laquintadelsol.com\/es\/"]}]},{"@type":"ImageObject","inLanguage":"es","@id":"https:\/\/laquintadelsol.com\/es\/#primaryimage","url":"https:\/\/laquintadelsol.com\/wp-content\/uploads\/2019\/02\/mirar-video.jpg","contentUrl":"https:\/\/laquintadelsol.com\/wp-content\/uploads\/2019\/02\/mirar-video.jpg"},{"@type":"BreadcrumbList","@id":"https:\/\/laquintadelsol.com\/es\/#breadcrumb","itemListElement":[{"@type":"ListItem","position":1,"name":"Home","item":"https:\/\/laquintadelsol.com\/es\/"},{"@type":"ListItem","position":2,"name":"Inicio"}]},{"@type":"WebSite","@id":"https:\/\/laquintadelsol.com\/#website","url":"https:\/\/laquintadelsol.com\/","name":"Hotel La Quinta del Sol","description":"The #1 Boutique Hotel in Punta de Mita","publisher":{"@id":"https:\/\/laquintadelsol.com\/#organization"},"potentialAction":[{"@type":"SearchAction","target":{"@type":"EntryPoint","urlTemplate":"https:\/\/laquintadelsol.com\/?s={search_term_string}"},"query-input":"required name=search_term_string"}],"inLanguage":"es"},{"@type":"Organization","@id":"https:\/\/laquintadelsol.com\/#organization","name":"Hotel La Quinta del Sol","url":"https:\/\/laquintadelsol.com\/","logo":{"@type":"ImageObject","inLanguage":"es","@id":"https:\/\/laquintadelsol.com\/#\/schema\/logo\/image\/","url":"https:\/\/laquintadelsol.com\/wp-content\/uploads\/2019\/10\/LaQuintalogo-1-to-1-for-Instagram.png","contentUrl":"https:\/\/laquintadelsol.com\/wp-content\/uploads\/2019\/10\/LaQuintalogo-1-to-1-for-Instagram.png","width":200,"height":200,"caption":"Hotel La Quinta del Sol"},"image":{"@id":"https:\/\/laquintadelsol.com\/#\/schema\/logo\/image\/"},"sameAs":["https:\/\/www.facebook.com\/HotelLaQuintaDelSol\/","https:\/\/x.com\/LaQuintaMita","http:\/\/instagram.com\/hotellaquintadelsol\/"]}]}},"_links":{"self":[{"href":"https:\/\/laquintadelsol.com\/es\/wp-json\/wp\/v2\/pages\/573","targetHints":{"allow":["GET"]}}],"collection":[{"href":"https:\/\/laquintadelsol.com\/es\/wp-json\/wp\/v2\/pages"}],"about":[{"href":"https:\/\/laquintadelsol.com\/es\/wp-json\/wp\/v2\/types\/page"}],"author":[{"embeddable":true,"href":"https:\/\/laquintadelsol.com\/es\/wp-json\/wp\/v2\/users\/3"}],"replies":[{"embeddable":true,"href":"https:\/\/laquintadelsol.com\/es\/wp-json\/wp\/v2\/comments?post=573"}],"version-history":[{"count":0,"href":"https:\/\/laquintadelsol.com\/es\/wp-json\/wp\/v2\/pages\/573\/revisions"}],"wp:attachment":[{"href":"https:\/\/laquintadelsol.com\/es\/wp-json\/wp\/v2\/media?parent=573"}],"curies":[{"name":"wp","href":"https:\/\/api.w.org\/{rel}","templated":true}]}}