{"id":611,"date":"2019-02-19T03:54:43","date_gmt":"2019-02-19T03:54:43","guid":{"rendered":"http:\/\/laquintadelsol.wpengine.com\/?page_id=611"},"modified":"2019-03-26T23:47:33","modified_gmt":"2019-03-26T23:47:33","slug":"actividades-punta-de-mita","status":"publish","type":"page","link":"https:\/\/laquintadelsol.com\/es\/actividades-punta-de-mita\/","title":{"rendered":"Actividades Punta de Mita"},"content":{"rendered":"\n<h3>\n\t\tActividades Punta de Mita\n\t<\/h3>\n<h3>\n\t\t\u00bfQu\u00e9 hace que unas vacaciones sean verdaderamente inolvidables? T\u00fa lo decides\u2026.\n\t<\/h3>\n\t<p>Hay tantas actividades en Punta de Mita y en toda la zona que la parte dif\u00edcil es decidir cu\u00e1l elegir.<\/p>\n<p>Despu\u00e9s de unos d\u00edas de descanso en la hamaca en nuestro club de playa, quiz\u00e1 quieras un poco m\u00e1s de actividad\u2026&nbsp;si as\u00ed es, puedes ir a un pueblo cercano, a la tirolesa por la selva, o intentar con el surf en uno de los puntos locales, nuestros administradores pueden darte estupendos consejos y recomendaciones locales para aprovechar al m\u00e1ximo tus vacaciones.<\/p>\n<p>\u00c9stas son s\u00f3lo algunas de las fascinantes cosas que puedes hacer en esta zona:<\/p>\n<h3>\n\t\t<strong>Surf<\/strong>\n\t<\/h3>\n\t<a href=\"#\" id=\"trigger-\" data-modal=\"\" data-node=\"\">\n\t\t\t\t\t\t\t<img decoding=\"async\" src=\"https:\/\/laquintadelsol.com\/wp-content\/uploads\/2019\/02\/surfing.jpg\">\n\t\t\t\t\t<\/a>\n\t\t\t\t\t\tPreview\n\t\t\tmodal-\n\t\t\t\t\t\t<img decoding=\"async\" src=\"https:\/\/laquintadelsol.com\/wp-content\/uploads\/2019\/02\/surfing-300x225.jpg\">\t\t\t\t\t\n\t<p>Punta de Mita y las \u00e1reas circundantes son conocidas para el surf de clase mundial. Con m\u00e1s de seis puntos populares, estas c\u00e1lidas aguas del Pac\u00edfico son ideales para principiantes y expertos por igual. La variedad de puntos locales alrededor \u2013 incluyendo la propia Bah\u00eda de Punta de Mita y La Lancha \u2013 te mantendr\u00e1 interesado y regresar\u00e1s por m\u00e1s. Ofrecemos rentas de tablas aqu\u00ed en el hotel y podemos organizar un viaje en panga que te llevar\u00e1 a algunos de los puntos m\u00e1s aislados.<\/p>\n<p>\u00bfQuieres aprender a surfear? D\u00e9janos organizarte una clase de surf con&nbsp;<a href=\"http:\/\/wildmex.com\/\" target=\"_blank\" rel=\"noopener noreferrer\">Wildmex Surf School<\/a>, una compa\u00f1\u00eda local que le ense\u00f1ar\u00e1 todo lo que necesitas saber para mantenerte de pie sobre las olas, y aprender tu propia manera para surfear como un profesional.<\/p>\n<h3>\n\t\t<strong>Surf Con Remo<\/strong>\n\t<\/h3>\n\t<a href=\"#\" id=\"trigger-\" data-modal=\"\" data-node=\"\">\n\t\t\t\t\t\t\t<img decoding=\"async\" src=\"https:\/\/laquintadelsol.com\/wp-content\/uploads\/2019\/02\/paddle.jpg\">\n\t\t\t\t\t<\/a>\n\t\t\t\t\t\tPreview\n\t\t\tmodal-\n\t\t\t\t\t\t<img decoding=\"async\" src=\"https:\/\/laquintadelsol.com\/wp-content\/uploads\/2019\/02\/paddle.jpg\">\t\t\t\t\t\n\t<p>Punta de Mita se est\u00e1 convirtiendo r\u00e1pidamente como un lugar reconocido mundialmente por ser estupendo para Surf con Remo. La leyenda del Surf Gerry Lopez tiene su campamento anual de Surf con Remo y Yoga aqu\u00ed ya que las aguas circundantes son tan perfectas para este deporte. Hotel La Quinta del Sol tiene una variedad de tablas en renta para practicar Surf con remo, ya sea por hora, d\u00eda o semana.<\/p>\n<h3>\n\t\t<strong>Pesca<\/strong>\n\t<\/h3>\n\t<a href=\"#\" id=\"trigger-\" data-modal=\"\" data-node=\"\">\n\t\t\t\t\t\t\t<img decoding=\"async\" src=\"https:\/\/laquintadelsol.com\/wp-content\/uploads\/2019\/02\/fishing.jpg\">\n\t\t\t\t\t<\/a>\n\t\t\t\t\t\tPreview\n\t\t\tmodal-\n\t\t\t\t\t\t<img decoding=\"async\" src=\"https:\/\/laquintadelsol.com\/wp-content\/uploads\/2019\/02\/fishing.jpg\">\t\t\t\t\t\n\t<p>Justo el exterior de la Bah\u00eda de Banderas es un lugar popular para la pesca. Los gu\u00edas expertos te llevar\u00e1n a sus lugares favoritos para capturar diferentes variedades como el aleta amarilla, marl\u00edn, wahoo y dorado -a 10-15 millas de la costa. Observa a tu gu\u00eda filetear tu pescado para que puedas disfrutar en el hotel de la pesca del d\u00eda a la parrilla o en nuestra parrillada para nuestros hu\u00e9spedes o en un restaurante local. Cons\u00faltanos como contactar a los gu\u00edas locales de la zona.<\/p>\n<h3>\n\t\t<strong>Compras <\/strong>\n\t<\/h3>\n\t<a href=\"#\" id=\"trigger-\" data-modal=\"\" data-node=\"\">\n\t\t\t\t\t\t\t<img decoding=\"async\" src=\"https:\/\/laquintadelsol.com\/wp-content\/uploads\/2019\/02\/shopping.jpg\">\n\t\t\t\t\t<\/a>\n\t\t\t\t\t\tPreview\n\t\t\tmodal-\n\t\t\t\t\t\t<img decoding=\"async\" src=\"https:\/\/laquintadelsol.com\/wp-content\/uploads\/2019\/02\/shopping.jpg\">\t\t\t\t\t\n\t<p>Los artistas y los artesanos locales venden joyas, artesan\u00eda local y preciosidades en las boutiques de Corral de Riscos y a lo largo de la Playa Anclote. Busca la artesan\u00eda huichol, los sombreros hechos a mano, los pareos, los sarapes tradicionales y m\u00e1s. Los domingos, desde noviembre y hasta mayo, hay un fabuloso&nbsp;<a href=\"http:\/\/quintadelsol.wpengine.com\/2014\/09\/sunday-farmers-market-in-la-cruz\/\" target=\"_blank\" rel=\"noopener noreferrer\">Mercado en La Cruz de Huanacaxtle<\/a>&nbsp;donde los artesanos locales vienen y ofrecen sus productos provenientes de todo M\u00e9xico. Visita Sayuilta para ver sus galer\u00edas y las boutiques de lujo o Bucerias para ver las galer\u00edas de arte y un mercado al aire libre que est\u00e1 abierto a diario para comprar recuerdos.<\/p>\n<h3>\n\t\t<strong>Tirolesa en la Selva  <\/strong>\n\t<\/h3>\n\t<a href=\"#\" id=\"trigger-\" data-modal=\"\" data-node=\"\">\n\t\t\t\t\t\t\t<img decoding=\"async\" src=\"https:\/\/laquintadelsol.com\/wp-content\/uploads\/2019\/02\/zipline.jpg\">\n\t\t\t\t\t<\/a>\n\t\t\t\t\t\tPreview\n\t\t\tmodal-\n\t\t\t\t\t\t<img decoding=\"async\" src=\"https:\/\/laquintadelsol.com\/wp-content\/uploads\/2019\/02\/zipline.jpg\">\t\t\t\t\t\n\t<p>Vuela a trav\u00e9s de una tirolesa en la selva tropical salpicada de orqu\u00eddeas silvestres y aves de colores a 60 pies de altura (18 metros). Situado a s\u00f3lo 20 minutos de Punta de Mita, cerca de Sayulita est\u00e1&nbsp;<a href=\"http:\/\/michaparrita.com\/portfolio\/canopy\/\" target=\"_blank\" rel=\"noopener noreferrer\">Mi Chaparrita<\/a>&nbsp;con 13 l\u00edneas y 3 puentes colgantes que se extienden a m\u00e1s de 2 km hasta una monta\u00f1a con impresionantes vistas de las colinas de los alrededores y del Oc\u00e9ano Pac\u00edfico. Visita nuestro blog para saber m\u00e1s sobre esta divertida aventura y cont\u00e1ctanos para hacer tu reservaci\u00f3n.<\/p>\n<h3>\n\t\t<strong>Golf<\/strong>\n\t<\/h3>\n\t<a href=\"#\" id=\"trigger-\" data-modal=\"\" data-node=\"\">\n\t\t\t\t\t\t\t<img decoding=\"async\" src=\"https:\/\/laquintadelsol.com\/wp-content\/uploads\/2019\/02\/golfing.jpg\">\n\t\t\t\t\t<\/a>\n\t\t\t\t\t\tPreview\n\t\t\tmodal-\n\t\t\t\t\t\t<img decoding=\"async\" src=\"https:\/\/laquintadelsol.com\/wp-content\/uploads\/2019\/02\/golfing.jpg\">\t\t\t\t\t\n\t<p>Tanto Puerto Vallarta como Punta de Mita tienen varios campos de golf extraordinarios, incluido el dise\u00f1ado por la firma de Jack Nicklaus,&nbsp;<a href=\"http:\/\/www.puntamita.com\/jack-nicklaus-golf\/\" target=\"_blank\" rel=\"noopener noreferrer\">El Pacifico<\/a>, con el famoso agujero \u201cCola de la Ballena\u201d y el nuevo campo dise\u00f1ado por Greg Norman,&nbsp;<a href=\"http:\/\/www.rivieranayarit.com\/litibu_golf_overview\" target=\"_blank\" rel=\"noopener noreferrer\">Litibu<\/a>, que est\u00e1n a s\u00f3lo minutos del hotel.<\/p>\n<h3>\n\t\t<strong>Avistamiento de Ballenas y Esnorquel en las Islas Marietas<\/strong>\n\t<\/h3>\n\t<a href=\"#\" id=\"trigger-\" data-modal=\"\" data-node=\"\">\n\t\t\t\t\t\t\t<img decoding=\"async\" src=\"https:\/\/laquintadelsol.com\/wp-content\/uploads\/2019\/02\/whale.jpg\">\n\t\t\t\t\t<\/a>\n\t\t\t\t\t\tPreview\n\t\t\tmodal-\n\t\t\t\t\t\t<img decoding=\"async\" src=\"https:\/\/laquintadelsol.com\/wp-content\/uploads\/2019\/02\/whale.jpg\">\t\t\t\t\t\n\t<a href=\"#\" id=\"trigger-\" data-modal=\"\" data-node=\"\">\n\t\t\t\t\t\t\t<img decoding=\"async\" src=\"https:\/\/laquintadelsol.com\/wp-content\/uploads\/2019\/02\/sea.jpg\">\n\t\t\t\t\t<\/a>\n\t\t\t\t\t\tPreview\n\t\t\tmodal-\n\t\t\t\t\t\t<img decoding=\"async\" src=\"https:\/\/laquintadelsol.com\/wp-content\/uploads\/2019\/02\/sea.jpg\">\t\t\t\t\t\n\t<p>Las Islas Marietas se localizan a un par de millas de la costa en la punta norte de la Bah\u00eda de Banderas y est\u00e1n a 20 minutos de distancia en un paseo en bote desde la marina aqu\u00ed en Punta de Mita. Las aguas alrededor de las islas son cristalinas y llenas de vida marina, y por esta raz\u00f3n las islas se han convertido en el destino favorito para practicar el esnorquel. Puedes nadar bajo un arco en la isla y llegar a la hermosa playa \u201csecreta\u201d de arena blanca, que se encuentra debajo de un agujero en la parte superior de la isla que inunda la playa con la luz del sol por debajo. La Bah\u00eda de Banderas es una importante zona para la cr\u00eda de las ballenas jorobadas durante los meses de diciembre a abril, as\u00ed es que hay una buena probabilidad para ver algunas en tu camino hacia o desde las islas. Revisa nuestro blog para m\u00e1s informaci\u00f3n sobre este viaje.<\/p>\n<h3>\n\t\t<strong>Explora las aldeas locales de la Riviera Nayarit<\/strong>\n\t<\/h3>\n\t<a href=\"#\" id=\"trigger-\" data-modal=\"\" data-node=\"\">\n\t\t\t\t\t\t\t<img decoding=\"async\" src=\"https:\/\/laquintadelsol.com\/wp-content\/uploads\/2019\/02\/riviera.jpg\">\n\t\t\t\t\t<\/a>\n\t\t\t\t\t\tPreview\n\t\t\tmodal-\n\t\t\t\t\t\t<img decoding=\"async\" src=\"https:\/\/laquintadelsol.com\/wp-content\/uploads\/2019\/02\/riviera.jpg\">\t\t\t\t\t\n\t<p>Mita est\u00e1 cerca a muchos otros pueblos, cada uno con su propio car\u00e1cter y personalidad \u00fanica, que se pueden explorar en un d\u00eda de viaje. Ciudades como Sayulita, La Cruz de Huanacaxtle, San Francisco, Bucer\u00edas, Lo de Marcos y Rinc\u00f3n de Guayabitos son excelentes lugares para visitar o puedes ir a la ciudad de&nbsp;<a href=\"http:\/\/agavevillasmexico.com\/about-puerto-vallarta\/areas-of-puerto-vallarta\/\" target=\"_blank\" rel=\"noopener noreferrer\">Puerto Vallarta<\/a>&nbsp;para disfrutar la vida nocturna y la aventura.<\/p>\n<h3>\n\t\t<strong>Nado con delfines salvajes en su h\u00e1bitat natural<\/strong>\n\t<\/h3>\n\t<a href=\"#\" id=\"trigger-\" data-modal=\"\" data-node=\"\">\n\t\t\t\t\t\t\t<img decoding=\"async\" src=\"https:\/\/laquintadelsol.com\/wp-content\/uploads\/2019\/02\/dolphins.jpg\">\n\t\t\t\t\t<\/a>\n\t\t\t\t\t\tPreview\n\t\t\tmodal-\n\t\t\t\t\t\t<img decoding=\"async\" src=\"https:\/\/laquintadelsol.com\/wp-content\/uploads\/2019\/02\/dolphins.jpg\">\t\t\t\t\t\n\t<p><a href=\"http:\/\/www.wildlifeconnection.com\/dolphins-tour\/\" target=\"_blank\" rel=\"noopener noreferrer\">Wildlife Connections<\/a>&nbsp;es parte de un proyecto de investigaci\u00f3n que te permite acompa\u00f1ar a los bi\u00f3logos marinos y tener la oportunidad de nadar con delfines en su ambiente natural y ayudar a la protecci\u00f3n de estas incre\u00edbles criaturas. Esta es verdaderamente una experiencia \u00fanica en la vida.<\/p>\n<h3>\n\t\t<strong>Paseos en ATV \/ Buggy<\/strong>\n\t<\/h3>\n\t<a href=\"#\" id=\"trigger-\" data-modal=\"\" data-node=\"\">\n\t\t\t\t\t\t\t<img decoding=\"async\" src=\"https:\/\/laquintadelsol.com\/wp-content\/uploads\/2019\/02\/dune.jpg\">\n\t\t\t\t\t<\/a>\n\t\t\t\t\t\tPreview\n\t\t\tmodal-\n\t\t\t\t\t\t<img decoding=\"async\" src=\"https:\/\/laquintadelsol.com\/wp-content\/uploads\/2019\/02\/dune.jpg\">\t\t\t\t\t\n\t<p>Dir\u00edgete fuera de los caminos conocidos con estos paseos de aventura. Ve M\u00e9xico desde los alrededores de Puerto Vallarta mientras paseas a trav\u00e9s de los senderos de la selva, peque\u00f1os pueblos y lechos de los r\u00edos. No necesitas experiencia.<\/p>\n<h3>\n\t\t<strong>Puerto Vallarta Food Tours y Clases de Cocina<\/strong>\n\t<\/h3>\n\t<a href=\"#\" id=\"trigger-\" data-modal=\"\" data-node=\"\">\n\t\t\t\t\t\t\t<img decoding=\"async\" src=\"https:\/\/laquintadelsol.com\/wp-content\/uploads\/2019\/02\/puerto.jpg\">\n\t\t\t\t\t<\/a>\n\t\t\t\t\t\tPreview\n\t\t\tmodal-\n\t\t\t\t\t\t<img decoding=\"async\" src=\"https:\/\/laquintadelsol.com\/wp-content\/uploads\/2019\/02\/puerto.jpg\">\t\t\t\t\t\n\t<p>Ir m\u00e1s all\u00e1 del taco a medida que experimentas la extraordinaria cocina que este hermoso pa\u00eds tiene para ofrecer.&nbsp;<a href=\"http:\/\/puertovallartafoodtours.com\/\" target=\"_blank\" rel=\"noopener noreferrer\">Vallarta Food Tours<\/a>&nbsp; te llevar\u00e1 a trav\u00e9s de los vecindarios locales a experimentar los platos regionales y la cultura.<\/p>\n<p>\u00bfQuieres avanzar en el conocimiento de la cocina mexicana? &nbsp;<a href=\"http:\/\/lalunapv.com\/puerto-vallarta-cooking-classes\/\" target=\"_blank\" rel=\"noopener noreferrer\">La Luna&nbsp;Cooking Classes<\/a>&nbsp;te guiar\u00e1 a trav\u00e9s de los ingredientes locales, cortes y preparaciones para convertirte en un experimentado chef mexicano! \u00bfQuieres una experiencia de uno-a-uno \u2013 las clases pueden ser impartidas privadamente en el hotel.<\/p>\n<h3>\n\t\t<strong>Degustaciones de Tequila Privadas<\/strong>\n\t<\/h3>\n\t<a href=\"#\" id=\"trigger-\" data-modal=\"\" data-node=\"\">\n\t\t\t\t\t\t\t<img decoding=\"async\" src=\"https:\/\/laquintadelsol.com\/wp-content\/uploads\/2019\/02\/tequila.jpg\">\n\t\t\t\t\t<\/a>\n\t\t\t\t\t\tPreview\n\t\t\tmodal-\n\t\t\t\t\t\t<img decoding=\"async\" src=\"https:\/\/laquintadelsol.com\/wp-content\/uploads\/2019\/02\/tequila.jpg\">\t\t\t\t\t\n\t<p>Ve m\u00e1s all\u00e1 de Jos\u00e9 Cuervo y de la terrible experiencia que tuviste en la universidad y aprende m\u00e1s acerca de este elixir intrincado y profundo. Prueba los tequilas m\u00e1s exclusivos y los tequilas y mezcales boutique que no se pueden encontrar fuera de M\u00e9xico. &nbsp;<a href=\"http:\/\/vallartatequilatastings.com\/\" target=\"_blank\" rel=\"noopener noreferrer\">Vallarta Tequila Tastings<\/a>&nbsp;puede venir al hotel para tu propia degustaci\u00f3n personalizada.<\/p>\n<h3>\n\t\t<strong>Masaje En Casa<\/strong>\n\t<\/h3>\n\t<a href=\"#\" id=\"trigger-\" data-modal=\"\" data-node=\"\">\n\t\t\t\t\t\t\t<img decoding=\"async\" src=\"https:\/\/laquintadelsol.com\/wp-content\/uploads\/2019\/02\/massage.jpg\">\n\t\t\t\t\t<\/a>\n\t\t\t\t\t\tPreview\n\t\t\tmodal-\n\t\t\t\t\t\t<img decoding=\"async\" src=\"https:\/\/laquintadelsol.com\/wp-content\/uploads\/2019\/02\/massage.jpg\">\t\t\t\t\t\n\t<p>Agotado por todas estas actividades y necesitas que te consientan? Pide a nuestros administradores que te reserven un masaje relajante en la privacidad de tu habitaci\u00f3n de hotel.<\/p>\n<h3>\n\t\tPara m\u00e1s informaci\u00f3n o para organizar alguna de estas actividades, env\u00edanos un correo electr\u00f3nico a hotellaquintadelsol@gmail.com hoy mismo!\n\t<\/h3>\n            <p>Click here to edit Spacer module.<\/p>\n<h3>\n\t\tQue Dicen Nuestros Huespedes Felices\n\t<\/h3>\n<p>\u201cExcelente lugar&#8230;Un lugar para relajarse muy muy ameno y muy recomendable. La vista en la terraza esta muy padre. Est\u00e1 muy cerca de la playa y uno puede relajarse tranquilamente en su club de playa.\u00bb<\/p>\n<p><img decoding=\"async\" src=\"\/wp-content\/uploads\/2019\/02\/avatar072.jpg\" width=\"58px\" height=\"58px\"><\/p>\n\n<p>\u201cImpresionante!! Ustedes hicieron la diferencia en este viaje que ha sido el mejor de mi vida en el mejor hotel de Punta de Mita&#8230;estamos agradecidos con La Quinta del Sol.\u00bb<\/p>\n<p><img decoding=\"async\" src=\"\/wp-content\/uploads\/2019\/02\/millan-m.jpg\" width=\"58px\" height=\"58px\"><\/p>\n\n<p>\u00abMe encant\u00f3!!! Primera vez que vamos a punta mita, y el lugar simplemente nos encant\u00f3, el hotel es lindo, tranquilo, c\u00f3modo, sencillo, junto al mar, con tu propia cocineta, refri, y el servicio excelente, te hacen sentir como en casa!\u00bb<\/p>\n<p><img decoding=\"async\" src=\"\/wp-content\/uploads\/2019\/02\/steve-v.jpg\" width=\"58px\" height=\"58px\"><\/p>\n","protected":false},"excerpt":{"rendered":"<p>Actividades Punta de Mita \u00bfQu\u00e9 hace que unas vacaciones sean verdaderamente inolvidables? T\u00fa lo decides\u2026. Hay tantas actividades en Punta de Mita y en toda la zona que la parte dif\u00edcil es decidir cu\u00e1l elegir. Despu\u00e9s de unos d\u00edas de descanso en la hamaca en nuestro club de playa, quiz\u00e1 quieras un poco m\u00e1s de&hellip;<\/p>\n","protected":false},"author":3,"featured_media":0,"parent":0,"menu_order":0,"comment_status":"closed","ping_status":"closed","template":"","meta":{"_monsterinsights_skip_tracking":false,"_monsterinsights_sitenote_active":false,"_monsterinsights_sitenote_note":"","_monsterinsights_sitenote_category":0,"footnotes":""},"class_list":["post-611","page","type-page","status-publish","hentry"],"yoast_head":"<!-- This site is optimized with the Yoast SEO plugin v22.6 - https:\/\/yoast.com\/wordpress\/plugins\/seo\/ -->\n<title>Actividades Punta de Mita - Hotel La Quinta del Sol<\/title>\n<meta name=\"robots\" content=\"index, follow, max-snippet:-1, max-image-preview:large, max-video-preview:-1\" \/>\n<link rel=\"canonical\" href=\"https:\/\/laquintadelsol.com\/es\/actividades-punta-de-mita\/\" \/>\n<meta property=\"og:locale\" content=\"es_ES\" \/>\n<meta property=\"og:type\" content=\"article\" \/>\n<meta property=\"og:title\" content=\"Actividades Punta de Mita - Hotel La Quinta del Sol\" \/>\n<meta property=\"og:description\" content=\"Actividades Punta de Mita \u00bfQu\u00e9 hace que unas vacaciones sean verdaderamente inolvidables? T\u00fa lo decides\u2026. Hay tantas actividades en Punta de Mita y en toda la zona que la parte dif\u00edcil es decidir cu\u00e1l elegir. Despu\u00e9s de unos d\u00edas de descanso en la hamaca en nuestro club de playa, quiz\u00e1 quieras un poco m\u00e1s de&hellip;\" \/>\n<meta property=\"og:url\" content=\"https:\/\/laquintadelsol.com\/es\/actividades-punta-de-mita\/\" \/>\n<meta property=\"og:site_name\" content=\"Hotel La Quinta del Sol\" \/>\n<meta property=\"article:publisher\" content=\"https:\/\/www.facebook.com\/HotelLaQuintaDelSol\/\" \/>\n<meta property=\"article:modified_time\" content=\"2019-03-26T23:47:33+00:00\" \/>\n<meta property=\"og:image\" content=\"https:\/\/laquintadelsol.com\/wp-content\/uploads\/2019\/02\/surfing.jpg\" \/>\n<meta name=\"twitter:card\" content=\"summary_large_image\" \/>\n<meta name=\"twitter:site\" content=\"@LaQuintaMita\" \/>\n<meta name=\"twitter:label1\" content=\"Tiempo de lectura\" \/>\n\t<meta name=\"twitter:data1\" content=\"7 minutos\" \/>\n<script type=\"application\/ld+json\" class=\"yoast-schema-graph\">{\"@context\":\"https:\/\/schema.org\",\"@graph\":[{\"@type\":\"WebPage\",\"@id\":\"https:\/\/laquintadelsol.com\/es\/actividades-punta-de-mita\/\",\"url\":\"https:\/\/laquintadelsol.com\/es\/actividades-punta-de-mita\/\",\"name\":\"Actividades Punta de Mita - Hotel La Quinta del Sol\",\"isPartOf\":{\"@id\":\"https:\/\/laquintadelsol.com\/#website\"},\"primaryImageOfPage\":{\"@id\":\"https:\/\/laquintadelsol.com\/es\/actividades-punta-de-mita\/#primaryimage\"},\"image\":{\"@id\":\"https:\/\/laquintadelsol.com\/es\/actividades-punta-de-mita\/#primaryimage\"},\"thumbnailUrl\":\"https:\/\/laquintadelsol.com\/wp-content\/uploads\/2019\/02\/surfing.jpg\",\"datePublished\":\"2019-02-19T03:54:43+00:00\",\"dateModified\":\"2019-03-26T23:47:33+00:00\",\"breadcrumb\":{\"@id\":\"https:\/\/laquintadelsol.com\/es\/actividades-punta-de-mita\/#breadcrumb\"},\"inLanguage\":\"es\",\"potentialAction\":[{\"@type\":\"ReadAction\",\"target\":[\"https:\/\/laquintadelsol.com\/es\/actividades-punta-de-mita\/\"]}]},{\"@type\":\"ImageObject\",\"inLanguage\":\"es\",\"@id\":\"https:\/\/laquintadelsol.com\/es\/actividades-punta-de-mita\/#primaryimage\",\"url\":\"https:\/\/laquintadelsol.com\/wp-content\/uploads\/2019\/02\/surfing.jpg\",\"contentUrl\":\"https:\/\/laquintadelsol.com\/wp-content\/uploads\/2019\/02\/surfing.jpg\"},{\"@type\":\"BreadcrumbList\",\"@id\":\"https:\/\/laquintadelsol.com\/es\/actividades-punta-de-mita\/#breadcrumb\",\"itemListElement\":[{\"@type\":\"ListItem\",\"position\":1,\"name\":\"Home\",\"item\":\"https:\/\/laquintadelsol.com\/es\/\"},{\"@type\":\"ListItem\",\"position\":2,\"name\":\"Actividades Punta de Mita\"}]},{\"@type\":\"WebSite\",\"@id\":\"https:\/\/laquintadelsol.com\/#website\",\"url\":\"https:\/\/laquintadelsol.com\/\",\"name\":\"Hotel La Quinta del Sol\",\"description\":\"The #1 Boutique Hotel in Punta de Mita\",\"publisher\":{\"@id\":\"https:\/\/laquintadelsol.com\/#organization\"},\"potentialAction\":[{\"@type\":\"SearchAction\",\"target\":{\"@type\":\"EntryPoint\",\"urlTemplate\":\"https:\/\/laquintadelsol.com\/?s={search_term_string}\"},\"query-input\":\"required name=search_term_string\"}],\"inLanguage\":\"es\"},{\"@type\":\"Organization\",\"@id\":\"https:\/\/laquintadelsol.com\/#organization\",\"name\":\"Hotel La Quinta del Sol\",\"url\":\"https:\/\/laquintadelsol.com\/\",\"logo\":{\"@type\":\"ImageObject\",\"inLanguage\":\"es\",\"@id\":\"https:\/\/laquintadelsol.com\/#\/schema\/logo\/image\/\",\"url\":\"https:\/\/laquintadelsol.com\/wp-content\/uploads\/2019\/10\/LaQuintalogo-1-to-1-for-Instagram.png\",\"contentUrl\":\"https:\/\/laquintadelsol.com\/wp-content\/uploads\/2019\/10\/LaQuintalogo-1-to-1-for-Instagram.png\",\"width\":200,\"height\":200,\"caption\":\"Hotel La Quinta del Sol\"},\"image\":{\"@id\":\"https:\/\/laquintadelsol.com\/#\/schema\/logo\/image\/\"},\"sameAs\":[\"https:\/\/www.facebook.com\/HotelLaQuintaDelSol\/\",\"https:\/\/x.com\/LaQuintaMita\",\"http:\/\/instagram.com\/hotellaquintadelsol\/\"]}]}<\/script>\n<!-- \/ Yoast SEO plugin. -->","yoast_head_json":{"title":"Actividades Punta de Mita - Hotel La Quinta del Sol","robots":{"index":"index","follow":"follow","max-snippet":"max-snippet:-1","max-image-preview":"max-image-preview:large","max-video-preview":"max-video-preview:-1"},"canonical":"https:\/\/laquintadelsol.com\/es\/actividades-punta-de-mita\/","og_locale":"es_ES","og_type":"article","og_title":"Actividades Punta de Mita - Hotel La Quinta del Sol","og_description":"Actividades Punta de Mita \u00bfQu\u00e9 hace que unas vacaciones sean verdaderamente inolvidables? T\u00fa lo decides\u2026. Hay tantas actividades en Punta de Mita y en toda la zona que la parte dif\u00edcil es decidir cu\u00e1l elegir. Despu\u00e9s de unos d\u00edas de descanso en la hamaca en nuestro club de playa, quiz\u00e1 quieras un poco m\u00e1s de&hellip;","og_url":"https:\/\/laquintadelsol.com\/es\/actividades-punta-de-mita\/","og_site_name":"Hotel La Quinta del Sol","article_publisher":"https:\/\/www.facebook.com\/HotelLaQuintaDelSol\/","article_modified_time":"2019-03-26T23:47:33+00:00","og_image":[{"url":"https:\/\/laquintadelsol.com\/wp-content\/uploads\/2019\/02\/surfing.jpg"}],"twitter_card":"summary_large_image","twitter_site":"@LaQuintaMita","twitter_misc":{"Tiempo de lectura":"7 minutos"},"schema":{"@context":"https:\/\/schema.org","@graph":[{"@type":"WebPage","@id":"https:\/\/laquintadelsol.com\/es\/actividades-punta-de-mita\/","url":"https:\/\/laquintadelsol.com\/es\/actividades-punta-de-mita\/","name":"Actividades Punta de Mita - Hotel La Quinta del Sol","isPartOf":{"@id":"https:\/\/laquintadelsol.com\/#website"},"primaryImageOfPage":{"@id":"https:\/\/laquintadelsol.com\/es\/actividades-punta-de-mita\/#primaryimage"},"image":{"@id":"https:\/\/laquintadelsol.com\/es\/actividades-punta-de-mita\/#primaryimage"},"thumbnailUrl":"https:\/\/laquintadelsol.com\/wp-content\/uploads\/2019\/02\/surfing.jpg","datePublished":"2019-02-19T03:54:43+00:00","dateModified":"2019-03-26T23:47:33+00:00","breadcrumb":{"@id":"https:\/\/laquintadelsol.com\/es\/actividades-punta-de-mita\/#breadcrumb"},"inLanguage":"es","potentialAction":[{"@type":"ReadAction","target":["https:\/\/laquintadelsol.com\/es\/actividades-punta-de-mita\/"]}]},{"@type":"ImageObject","inLanguage":"es","@id":"https:\/\/laquintadelsol.com\/es\/actividades-punta-de-mita\/#primaryimage","url":"https:\/\/laquintadelsol.com\/wp-content\/uploads\/2019\/02\/surfing.jpg","contentUrl":"https:\/\/laquintadelsol.com\/wp-content\/uploads\/2019\/02\/surfing.jpg"},{"@type":"BreadcrumbList","@id":"https:\/\/laquintadelsol.com\/es\/actividades-punta-de-mita\/#breadcrumb","itemListElement":[{"@type":"ListItem","position":1,"name":"Home","item":"https:\/\/laquintadelsol.com\/es\/"},{"@type":"ListItem","position":2,"name":"Actividades Punta de Mita"}]},{"@type":"WebSite","@id":"https:\/\/laquintadelsol.com\/#website","url":"https:\/\/laquintadelsol.com\/","name":"Hotel La Quinta del Sol","description":"The #1 Boutique Hotel in Punta de Mita","publisher":{"@id":"https:\/\/laquintadelsol.com\/#organization"},"potentialAction":[{"@type":"SearchAction","target":{"@type":"EntryPoint","urlTemplate":"https:\/\/laquintadelsol.com\/?s={search_term_string}"},"query-input":"required name=search_term_string"}],"inLanguage":"es"},{"@type":"Organization","@id":"https:\/\/laquintadelsol.com\/#organization","name":"Hotel La Quinta del Sol","url":"https:\/\/laquintadelsol.com\/","logo":{"@type":"ImageObject","inLanguage":"es","@id":"https:\/\/laquintadelsol.com\/#\/schema\/logo\/image\/","url":"https:\/\/laquintadelsol.com\/wp-content\/uploads\/2019\/10\/LaQuintalogo-1-to-1-for-Instagram.png","contentUrl":"https:\/\/laquintadelsol.com\/wp-content\/uploads\/2019\/10\/LaQuintalogo-1-to-1-for-Instagram.png","width":200,"height":200,"caption":"Hotel La Quinta del Sol"},"image":{"@id":"https:\/\/laquintadelsol.com\/#\/schema\/logo\/image\/"},"sameAs":["https:\/\/www.facebook.com\/HotelLaQuintaDelSol\/","https:\/\/x.com\/LaQuintaMita","http:\/\/instagram.com\/hotellaquintadelsol\/"]}]}},"_links":{"self":[{"href":"https:\/\/laquintadelsol.com\/es\/wp-json\/wp\/v2\/pages\/611","targetHints":{"allow":["GET"]}}],"collection":[{"href":"https:\/\/laquintadelsol.com\/es\/wp-json\/wp\/v2\/pages"}],"about":[{"href":"https:\/\/laquintadelsol.com\/es\/wp-json\/wp\/v2\/types\/page"}],"author":[{"embeddable":true,"href":"https:\/\/laquintadelsol.com\/es\/wp-json\/wp\/v2\/users\/3"}],"replies":[{"embeddable":true,"href":"https:\/\/laquintadelsol.com\/es\/wp-json\/wp\/v2\/comments?post=611"}],"version-history":[{"count":0,"href":"https:\/\/laquintadelsol.com\/es\/wp-json\/wp\/v2\/pages\/611\/revisions"}],"wp:attachment":[{"href":"https:\/\/laquintadelsol.com\/es\/wp-json\/wp\/v2\/media?parent=611"}],"curies":[{"name":"wp","href":"https:\/\/api.w.org\/{rel}","templated":true}]}}