{"id":615,"date":"2019-02-19T04:07:22","date_gmt":"2019-02-19T04:07:22","guid":{"rendered":"http:\/\/laquintadelsol.wpengine.com\/?page_id=615"},"modified":"2020-02-06T18:26:04","modified_gmt":"2020-02-06T18:26:04","slug":"preguntas-frecuentes","status":"publish","type":"page","link":"https:\/\/laquintadelsol.com\/es\/preguntas-frecuentes\/","title":{"rendered":"Preguntas frecuentes"},"content":{"rendered":"<h3>\n\t\tPreguntas frecuentes\n\t<\/h3>\n<h3>\n\t\tPreguntas m\u00e1s frecuentes\n\t<\/h3>\n<h3>\n\t\t\u00bfEs seguro Punta de Mita y se puede pasear por la noche?\n\t<\/h3>\n\t<p>Punta de Mita es un pueblo muy seguro y relajado. Todo el mundo aqu\u00ed se conoce y cuida de los otros. Caminar hacia y desde los restaurantes y alrededor de la ciudad por la noche no es un problema. Tenemos cajas fuertes en cada habitaci\u00f3n, pero eso es m\u00e1s para la tranquilidad de nuestros clientes, ya que nunca hemos tenido ning\u00fan problema de seguridad aqu\u00ed en el hotel.<\/p>\n<h3>\n\t\t\u00bfHay estacionamiento en el hotel?\n\t<\/h3>\n\t<p>Hay estacionamiento en la calle en frente del hotel. Por lo general hay un mont\u00f3n de espacio y es seguro dejar su veh\u00edculo all\u00ed durante toda la noche.<\/p>\n<h3>\n\t\t\u00bfCu\u00e1nto debo dar de propina en los restaurantes? \u00bfY para el ama de llaves?\n\t<\/h3>\n\t<p>Las propinas en los restaurantes son similares que en Canad\u00e1 y los Estados Unidos del 15% al 20%. Le recomendamos una propina a su ama de llaves de $30 a $50 pesos por d\u00eda. Los ayudantes para empacar en los supermercados tambi\u00e9n deben obtener una propina \u2013 una moneda de $10 pesos puede ser correcto.<\/p>\n<h3>\n\t\t\u00bfHay cajeros autom\u00e1ticos en Punta de Mita?\n\t<\/h3>\n\t<p>Hay unos pocos cajeros autom\u00e1ticos privados a lo largo de \u201cla l\u00ednea de restaurantes\u201d, pero se recomienda a los clientes no utilizarlos, ya que tienen cargos muy altos y hemos o\u00eddo que anteriormente hubo problemas con los retiros fraudulentos. Hay un cajero autom\u00e1tico propiedad del banco (Banorte) dentro del OXXO, que es la m\u00e1s segura y la mejor para usar, pero con frecuencia no tiene dinero. Recomendamos que los clientes utilicen el cajero autom\u00e1tico en el aeropuerto de Vallarta a su llegada. Estos se encuentran en la salida de las llegadas nacionales \u2018y hay varios para elegir, incluyendo Scotiabank y HSBC.<\/p>\n<h3>\n\t\t\u00bfLa mayor\u00eda de los lugares aceptan tarjetas de cr\u00e9dito?\n\t<\/h3>\n\tNO! El efectivo es el rey por aqu\u00ed! La mayor\u00eda de los establecimientos, tiendas, restaurantes, taxis y operadores tur\u00edsticos no aceptan tarjetas de cr\u00e9dito. Este es el mayor problema que enfrentan nuestros clientes, as\u00ed que aseg\u00farate de visitar el cajero autom\u00e1tico antes de salir del aeropuerto de Puerto Vallarta. Hay cajas fuertes en cada habitaci\u00f3n aqu\u00ed en el hotel.<br \/>\nAlgunos de los establecimientos m\u00e1s exclusivos aceptan tarjetas de cr\u00e9dito, as\u00ed que si planeas tratar de usar tu tarjeta donde se puede, aseg\u00farate de informar a tu banco que vienes a M\u00e9xico para que no bloqueen tu tarjeta.\n<h3>\n\t\t\u00bfHay tiendas de abarrotes en Punta de Mita?\n\t<\/h3>\n\tHay peque\u00f1as tiendas de abarrotes aqu\u00ed en la ciudad, pero s\u00f3lo tienen art\u00edculos de primera necesidad, como tortillas, huevos, leche y cerveza. Si vienes por varios d\u00edas, se recomienda una parada en el supermercado Mega, se encuentra justo fuera del aeropuerto en la Plaza Marina en Vallarta y tambi\u00e9n hay otro justo antes de Bucer\u00edas a lo largo de la carretera a Mita. Aqu\u00ed tienes una selecci\u00f3n m\u00e1s grande de productos, como vino, yogur, quesos, carne, pan fresco, etc.<br \/>\nHay un cami\u00f3n de frutas y verduras que pasa la mayor\u00eda de los d\u00edas. Los administradores usualmente lo detienen y le preguntan a los clientes que est\u00e1n en el hotel si necesitan algo.<br \/>\nEl pescado fresco puede comprarse directamente de los pescadores frente a la marina y de vez en cuando un cami\u00f3n de venta de gambas frescas pasa por el hotel.\n<h3>\n\t\t\u00bfHay agua purificada en las habitaciones?\n\t<\/h3>\n\t<p>Proporcionamos un garraf\u00f3n de 18 litros de agua purificada en cada habitaci\u00f3n y te recomendamos que utilices esto para tu agua potable. Si tu garraf\u00f3n est\u00e1 por terminarse, avisa al administrador y te traer\u00e1 un garraf\u00f3n nuevo.<\/p>\n<h3>\n\t\t\u00bfQu\u00e9 pasa si tengo una emergencia m\u00e9dica?\n\t<\/h3>\n\t<p>Punta de Mita tiene una cl\u00ednica local de salud para las cuestiones de menor importancia y los m\u00e9dicos hablan ingl\u00e9s y est\u00e1n de guardia las 24 horas para emergencias. Puerto Vallarta cuenta con varios hospitales modernos.<\/p>\n<h3>\n\t\t\u00bfC\u00f3mo es Punta de Mita para las personas con problemas de movilidad?\n\t<\/h3>\n\t<p>Por favor est\u00e9n conscientes de los retos que las calles empedradas de Punta de Mita pueden suponer para las personas con problemas de movilidad. Adem\u00e1s, nuestra propiedad se encuentra en un nivel arriba de la calle con acceso solo por las escaleras y la playa se encuentra por debajo del nivel de la calle con el \u00fanico acceso de escaleras.<\/p>\n<h3>\n\t\tDa\u00f1os\n\t<\/h3>\n\t<p>Si se producen da\u00f1os (es decir, art\u00edculos rotos o faltantes, suciedad extrema, ropa de cama arruinada, etc.) en el hotel o en una habitac\u00edon de hu\u00e9spedes durante la estad\u00eda de un hu\u00e9sped, la gerencia llevar\u00e1 a cabo una investigac\u00edon.\u00a0 Nos reservamos el derecho de hacer un cargo a la tarjeta de cr\u00e9dito de los hu\u00e9spedes responsables en consecuencia.\u00a0 Solo se permite fumar en el techo.\u00a0 Se aplicar\u00e1 un cargo por limpieza de $250 USD por fumar en cualquier habitaci\u00f3n, sin excepciones.<\/p>\n<h3>\n\t\tMascotas\n\t<\/h3>\n\t<p>No se aceptan mascotas de ning\u00fan tipo en el hotel.\u00a0 Hay dos gatos que viven en la propiedad pero no est\u00e1n permitidos en las habitaciones.\u00a0 Se cobrara un cargo de $250 USD a cualquier persona que tenga una mascota en una habitaci\u00f3n.<\/p>\n<h3>\n\t\t\u00bfTienes alguna pregunta que no respondemos aqu\u00ed? Env\u00eda un correo electr\u00f3nico a nuestros administradores en hotellaquintadelsol@gmail.com con cualquier pregunta o preocupaci\u00f3n.\n\t<\/h3>\n            <p>Click here to edit Spacer module.<\/p>\n<h3>\n\t\tQue Dicen Nuestros Huespedes Felices\n\t<\/h3>\n<p>\u201cExcelente lugar&#8230;Un lugar para relajarse muy muy ameno y muy recomendable. La vista en la terraza esta muy padre. Est\u00e1 muy cerca de la playa y uno puede relajarse tranquilamente en su club de playa.\u00bb<\/p>\n<p><img decoding=\"async\" src=\"\/wp-content\/uploads\/2019\/02\/avatar072.jpg\" width=\"58px\" height=\"58px\" \/><\/p>\n\n<p>\u201cImpresionante!! Ustedes hicieron la diferencia en este viaje que ha sido el mejor de mi vida en el mejor hotel de Punta de Mita&#8230;estamos agradecidos con La Quinta del Sol.\u00bb<\/p>\n<p><img decoding=\"async\" src=\"\/wp-content\/uploads\/2019\/02\/millan-m.jpg\" width=\"58px\" height=\"58px\" \/><\/p>\n\n<p>\u00abMe encant\u00f3!!! Primera vez que vamos a punta mita, y el lugar simplemente nos encant\u00f3, el hotel es lindo, tranquilo, c\u00f3modo, sencillo, junto al mar, con tu propia cocineta, refri, y el servicio excelente, te hacen sentir como en casa!\u00bb<\/p>\n<p><img decoding=\"async\" src=\"\/wp-content\/uploads\/2019\/02\/steve-v.jpg\" width=\"58px\" height=\"58px\" \/><\/p>\n\n","protected":false},"excerpt":{"rendered":"<p>Preguntas frecuentes Preguntas m\u00e1s frecuentes \u00bfEs seguro Punta de Mita y se puede pasear por la noche? Punta de Mita es un pueblo muy seguro y relajado. Todo el mundo aqu\u00ed se conoce y cuida de los otros. Caminar hacia y desde los restaurantes y alrededor de la ciudad por la noche no es un&hellip;<\/p>\n","protected":false},"author":3,"featured_media":0,"parent":0,"menu_order":0,"comment_status":"closed","ping_status":"closed","template":"","meta":{"_monsterinsights_skip_tracking":false,"_monsterinsights_sitenote_active":false,"_monsterinsights_sitenote_note":"","_monsterinsights_sitenote_category":0,"footnotes":""},"class_list":["post-615","page","type-page","status-publish","hentry"],"yoast_head":"<!-- This site is optimized with the Yoast SEO plugin v22.6 - https:\/\/yoast.com\/wordpress\/plugins\/seo\/ -->\n<title>Preguntas frecuentes - Hotel La Quinta del Sol<\/title>\n<meta name=\"robots\" content=\"index, follow, max-snippet:-1, max-image-preview:large, max-video-preview:-1\" \/>\n<link rel=\"canonical\" href=\"https:\/\/laquintadelsol.com\/es\/preguntas-frecuentes\/\" \/>\n<meta property=\"og:locale\" content=\"es_ES\" \/>\n<meta property=\"og:type\" content=\"article\" \/>\n<meta property=\"og:title\" content=\"Preguntas frecuentes - Hotel La Quinta del Sol\" \/>\n<meta property=\"og:description\" content=\"Preguntas frecuentes Preguntas m\u00e1s frecuentes \u00bfEs seguro Punta de Mita y se puede pasear por la noche? Punta de Mita es un pueblo muy seguro y relajado. Todo el mundo aqu\u00ed se conoce y cuida de los otros. Caminar hacia y desde los restaurantes y alrededor de la ciudad por la noche no es un&hellip;\" \/>\n<meta property=\"og:url\" content=\"https:\/\/laquintadelsol.com\/es\/preguntas-frecuentes\/\" \/>\n<meta property=\"og:site_name\" content=\"Hotel La Quinta del Sol\" \/>\n<meta property=\"article:publisher\" content=\"https:\/\/www.facebook.com\/HotelLaQuintaDelSol\/\" \/>\n<meta property=\"article:modified_time\" content=\"2020-02-06T18:26:04+00:00\" \/>\n<meta name=\"twitter:card\" content=\"summary_large_image\" \/>\n<meta name=\"twitter:site\" content=\"@LaQuintaMita\" \/>\n<meta name=\"twitter:label1\" content=\"Tiempo de lectura\" \/>\n\t<meta name=\"twitter:data1\" content=\"5 minutos\" \/>\n<script type=\"application\/ld+json\" class=\"yoast-schema-graph\">{\"@context\":\"https:\/\/schema.org\",\"@graph\":[{\"@type\":\"WebPage\",\"@id\":\"https:\/\/laquintadelsol.com\/es\/preguntas-frecuentes\/\",\"url\":\"https:\/\/laquintadelsol.com\/es\/preguntas-frecuentes\/\",\"name\":\"Preguntas frecuentes - Hotel La Quinta del Sol\",\"isPartOf\":{\"@id\":\"https:\/\/laquintadelsol.com\/#website\"},\"datePublished\":\"2019-02-19T04:07:22+00:00\",\"dateModified\":\"2020-02-06T18:26:04+00:00\",\"breadcrumb\":{\"@id\":\"https:\/\/laquintadelsol.com\/es\/preguntas-frecuentes\/#breadcrumb\"},\"inLanguage\":\"es\",\"potentialAction\":[{\"@type\":\"ReadAction\",\"target\":[\"https:\/\/laquintadelsol.com\/es\/preguntas-frecuentes\/\"]}]},{\"@type\":\"BreadcrumbList\",\"@id\":\"https:\/\/laquintadelsol.com\/es\/preguntas-frecuentes\/#breadcrumb\",\"itemListElement\":[{\"@type\":\"ListItem\",\"position\":1,\"name\":\"Home\",\"item\":\"https:\/\/laquintadelsol.com\/es\/\"},{\"@type\":\"ListItem\",\"position\":2,\"name\":\"Preguntas frecuentes\"}]},{\"@type\":\"WebSite\",\"@id\":\"https:\/\/laquintadelsol.com\/#website\",\"url\":\"https:\/\/laquintadelsol.com\/\",\"name\":\"Hotel La Quinta del Sol\",\"description\":\"The #1 Boutique Hotel in Punta de Mita\",\"publisher\":{\"@id\":\"https:\/\/laquintadelsol.com\/#organization\"},\"potentialAction\":[{\"@type\":\"SearchAction\",\"target\":{\"@type\":\"EntryPoint\",\"urlTemplate\":\"https:\/\/laquintadelsol.com\/?s={search_term_string}\"},\"query-input\":\"required name=search_term_string\"}],\"inLanguage\":\"es\"},{\"@type\":\"Organization\",\"@id\":\"https:\/\/laquintadelsol.com\/#organization\",\"name\":\"Hotel La Quinta del Sol\",\"url\":\"https:\/\/laquintadelsol.com\/\",\"logo\":{\"@type\":\"ImageObject\",\"inLanguage\":\"es\",\"@id\":\"https:\/\/laquintadelsol.com\/#\/schema\/logo\/image\/\",\"url\":\"https:\/\/laquintadelsol.com\/wp-content\/uploads\/2019\/10\/LaQuintalogo-1-to-1-for-Instagram.png\",\"contentUrl\":\"https:\/\/laquintadelsol.com\/wp-content\/uploads\/2019\/10\/LaQuintalogo-1-to-1-for-Instagram.png\",\"width\":200,\"height\":200,\"caption\":\"Hotel La Quinta del Sol\"},\"image\":{\"@id\":\"https:\/\/laquintadelsol.com\/#\/schema\/logo\/image\/\"},\"sameAs\":[\"https:\/\/www.facebook.com\/HotelLaQuintaDelSol\/\",\"https:\/\/x.com\/LaQuintaMita\",\"http:\/\/instagram.com\/hotellaquintadelsol\/\"]}]}<\/script>\n<!-- \/ Yoast SEO plugin. -->","yoast_head_json":{"title":"Preguntas frecuentes - Hotel La Quinta del Sol","robots":{"index":"index","follow":"follow","max-snippet":"max-snippet:-1","max-image-preview":"max-image-preview:large","max-video-preview":"max-video-preview:-1"},"canonical":"https:\/\/laquintadelsol.com\/es\/preguntas-frecuentes\/","og_locale":"es_ES","og_type":"article","og_title":"Preguntas frecuentes - Hotel La Quinta del Sol","og_description":"Preguntas frecuentes Preguntas m\u00e1s frecuentes \u00bfEs seguro Punta de Mita y se puede pasear por la noche? Punta de Mita es un pueblo muy seguro y relajado. Todo el mundo aqu\u00ed se conoce y cuida de los otros. Caminar hacia y desde los restaurantes y alrededor de la ciudad por la noche no es un&hellip;","og_url":"https:\/\/laquintadelsol.com\/es\/preguntas-frecuentes\/","og_site_name":"Hotel La Quinta del Sol","article_publisher":"https:\/\/www.facebook.com\/HotelLaQuintaDelSol\/","article_modified_time":"2020-02-06T18:26:04+00:00","twitter_card":"summary_large_image","twitter_site":"@LaQuintaMita","twitter_misc":{"Tiempo de lectura":"5 minutos"},"schema":{"@context":"https:\/\/schema.org","@graph":[{"@type":"WebPage","@id":"https:\/\/laquintadelsol.com\/es\/preguntas-frecuentes\/","url":"https:\/\/laquintadelsol.com\/es\/preguntas-frecuentes\/","name":"Preguntas frecuentes - Hotel La Quinta del Sol","isPartOf":{"@id":"https:\/\/laquintadelsol.com\/#website"},"datePublished":"2019-02-19T04:07:22+00:00","dateModified":"2020-02-06T18:26:04+00:00","breadcrumb":{"@id":"https:\/\/laquintadelsol.com\/es\/preguntas-frecuentes\/#breadcrumb"},"inLanguage":"es","potentialAction":[{"@type":"ReadAction","target":["https:\/\/laquintadelsol.com\/es\/preguntas-frecuentes\/"]}]},{"@type":"BreadcrumbList","@id":"https:\/\/laquintadelsol.com\/es\/preguntas-frecuentes\/#breadcrumb","itemListElement":[{"@type":"ListItem","position":1,"name":"Home","item":"https:\/\/laquintadelsol.com\/es\/"},{"@type":"ListItem","position":2,"name":"Preguntas frecuentes"}]},{"@type":"WebSite","@id":"https:\/\/laquintadelsol.com\/#website","url":"https:\/\/laquintadelsol.com\/","name":"Hotel La Quinta del Sol","description":"The #1 Boutique Hotel in Punta de Mita","publisher":{"@id":"https:\/\/laquintadelsol.com\/#organization"},"potentialAction":[{"@type":"SearchAction","target":{"@type":"EntryPoint","urlTemplate":"https:\/\/laquintadelsol.com\/?s={search_term_string}"},"query-input":"required name=search_term_string"}],"inLanguage":"es"},{"@type":"Organization","@id":"https:\/\/laquintadelsol.com\/#organization","name":"Hotel La Quinta del Sol","url":"https:\/\/laquintadelsol.com\/","logo":{"@type":"ImageObject","inLanguage":"es","@id":"https:\/\/laquintadelsol.com\/#\/schema\/logo\/image\/","url":"https:\/\/laquintadelsol.com\/wp-content\/uploads\/2019\/10\/LaQuintalogo-1-to-1-for-Instagram.png","contentUrl":"https:\/\/laquintadelsol.com\/wp-content\/uploads\/2019\/10\/LaQuintalogo-1-to-1-for-Instagram.png","width":200,"height":200,"caption":"Hotel La Quinta del Sol"},"image":{"@id":"https:\/\/laquintadelsol.com\/#\/schema\/logo\/image\/"},"sameAs":["https:\/\/www.facebook.com\/HotelLaQuintaDelSol\/","https:\/\/x.com\/LaQuintaMita","http:\/\/instagram.com\/hotellaquintadelsol\/"]}]}},"_links":{"self":[{"href":"https:\/\/laquintadelsol.com\/es\/wp-json\/wp\/v2\/pages\/615","targetHints":{"allow":["GET"]}}],"collection":[{"href":"https:\/\/laquintadelsol.com\/es\/wp-json\/wp\/v2\/pages"}],"about":[{"href":"https:\/\/laquintadelsol.com\/es\/wp-json\/wp\/v2\/types\/page"}],"author":[{"embeddable":true,"href":"https:\/\/laquintadelsol.com\/es\/wp-json\/wp\/v2\/users\/3"}],"replies":[{"embeddable":true,"href":"https:\/\/laquintadelsol.com\/es\/wp-json\/wp\/v2\/comments?post=615"}],"version-history":[{"count":0,"href":"https:\/\/laquintadelsol.com\/es\/wp-json\/wp\/v2\/pages\/615\/revisions"}],"wp:attachment":[{"href":"https:\/\/laquintadelsol.com\/es\/wp-json\/wp\/v2\/media?parent=615"}],"curies":[{"name":"wp","href":"https:\/\/api.w.org\/{rel}","templated":true}]}}