{"id":620,"date":"2019-02-19T05:33:06","date_gmt":"2019-02-19T05:33:06","guid":{"rendered":"http:\/\/laquintadelsol.wpengine.com\/?page_id=620"},"modified":"2019-03-27T02:42:44","modified_gmt":"2019-03-27T02:42:44","slug":"policies","status":"publish","type":"page","link":"https:\/\/laquintadelsol.com\/es\/policies\/","title":{"rendered":"Pol\u00edticas"},"content":{"rendered":"<h3>\n\t\tPol\u00edticas\n\t<\/h3>\n<h3>\n\t\tCheck-in\/Check-out:\n\t<\/h3>\n\tEl horario de check-in es a las 2:00 pm\n<p>El horario de check-out es\u00a0a las 11:00 am<\/p>\nSi necesita diferentes horarios de check-in \/ check-out o si planea hacer el check-in despu\u00e9s de las 5:00 pm, comun\u00edquese con la gerencia del hotel para determinar si hay arreglos disponibles.\n<h3>\n\t\tTarifas:\n\t<\/h3>\n\tLas tarifas se basan en ocupaci\u00f3n sencilla o doble. La tarifa de invitado adicional es de $ 10 USD por persona hasta la ocupaci\u00f3n m\u00e1xima.\nAceptamos efectivo, Visa, Mastercard, American Express y Discover.\n<h3>\n\t\tDep\u00f3sito:\n\t<\/h3>\n\tSe requiere un dep\u00f3sito con tarjeta de cr\u00e9dito equivalente a una estad\u00eda de una noche m\u00e1s impuestos al momento de la reserva para garantizar la reserva. \nEl saldo de la reserva se debe 60 d\u00edas antes de la fecha de llegada. \nSi la reserva se realiza dentro de los 60 d\u00edas posteriores a la llegada a la fecha, se requiere el monto total de la reserva al momento de la reserva.\n<h3>\n\t\t Pol\u00edtica de cancelaci\u00f3n:\n\t<\/h3>\n\tNuestra pol\u00edtica de cancelaci\u00f3n se aplica estrictamente debido al impacto que las cancelaciones tienen en nuestro negocio. Los cambios en su reserva se tratan de la misma manera que las cancelaciones. \nTodas las cancelaciones est\u00e1n sujetas a un cargo administrativo de US $ 25 por habitaci\u00f3n. \nLas cancelaciones dentro de los 14 d\u00edas de su llegada o no se cobran por el monto total de la estancia. \nLas cancelaciones dentro de los 14 a 60 d\u00edas el per\u00edodo anterior a la fecha de llegada perder\u00e1 el dep\u00f3sito m\u00e1s la tarifa administrativa. \nLas cancelaciones realizadas con m\u00e1s de 60 d\u00edas de antelaci\u00f3n a la fecha de llegada se reembolsar\u00e1n al dep\u00f3sito menos la tarifa de administraci\u00f3n. \nPara reservas durante las vacaciones de Navidad, A\u00f1o Nuevo y Semana Santa, las cancelaciones dentro del Per\u00edodo de 60 d\u00edas antes de la fecha de llegada se cobrar\u00e1 el importe total de la estancia. Esta pol\u00edtica se aplica a las llegadas tard\u00edas, salidas anticipadas o cambios en la reserva.\n La notificaci\u00f3n de cancelaciones debe hacerse directamente por tel\u00e9fono o correo electr\u00f3nico a la gerencia del hotel.\n            <p>Click here to edit Spacer module.<\/p>\n<h3>\n\t\tQue Dicen Nuestros Huespedes Felices\n\t<\/h3>\n<p>\u201cExcelente lugar&#8230;Un lugar para relajarse muy muy ameno y muy recomendable. La vista en la terraza esta muy padre. Est\u00e1 muy cerca de la playa y uno puede relajarse tranquilamente en su club de playa.\u00bb<\/p>\n<p><img decoding=\"async\" src=\"\/wp-content\/uploads\/2019\/02\/avatar072.jpg\" width=\"58px\" height=\"58px\" \/><\/p>\n\n<p>\u201cImpresionante!! Ustedes hicieron la diferencia en este viaje que ha sido el mejor de mi vida en el mejor hotel de Punta de Mita&#8230;estamos agradecidos con La Quinta del Sol.\u00bb<\/p>\n<p><img decoding=\"async\" src=\"\/wp-content\/uploads\/2019\/02\/millan-m.jpg\" width=\"58px\" height=\"58px\" \/><\/p>\n\n<p>\u00abMe encant\u00f3!!! Primera vez que vamos a punta mita, y el lugar simplemente nos encant\u00f3, el hotel es lindo, tranquilo, c\u00f3modo, sencillo, junto al mar, con tu propia cocineta, refri, y el servicio excelente, te hacen sentir como en casa!\u00bb<\/p>\n<p><img decoding=\"async\" src=\"\/wp-content\/uploads\/2019\/02\/steve-v.jpg\" width=\"58px\" height=\"58px\" \/><\/p>\n\n","protected":false},"excerpt":{"rendered":"<p>Pol\u00edticas Check-in\/Check-out: El horario de check-in es a las 2:00 pm El horario de check-out es\u00a0a las 11:00 am Si necesita diferentes horarios de check-in \/ check-out o si planea hacer el check-in despu\u00e9s de las 5:00 pm, comun\u00edquese con la gerencia del hotel para determinar si hay arreglos disponibles. Tarifas: Las tarifas se basan&hellip;<\/p>\n","protected":false},"author":3,"featured_media":0,"parent":0,"menu_order":0,"comment_status":"closed","ping_status":"closed","template":"","meta":{"_monsterinsights_skip_tracking":false,"_monsterinsights_sitenote_active":false,"_monsterinsights_sitenote_note":"","_monsterinsights_sitenote_category":0,"footnotes":""},"class_list":["post-620","page","type-page","status-publish","hentry"],"yoast_head":"<!-- This site is optimized with the Yoast SEO plugin v22.6 - https:\/\/yoast.com\/wordpress\/plugins\/seo\/ -->\n<title>Pol\u00edticas - Hotel La Quinta del Sol<\/title>\n<meta name=\"robots\" content=\"index, follow, max-snippet:-1, max-image-preview:large, max-video-preview:-1\" \/>\n<link rel=\"canonical\" href=\"https:\/\/laquintadelsol.com\/es\/policies\/\" \/>\n<meta property=\"og:locale\" content=\"es_ES\" \/>\n<meta property=\"og:type\" content=\"article\" \/>\n<meta property=\"og:title\" content=\"Pol\u00edticas - Hotel La Quinta del Sol\" \/>\n<meta property=\"og:description\" content=\"Pol\u00edticas Check-in\/Check-out: El horario de check-in es a las 2:00 pm El horario de check-out es\u00a0a las 11:00 am Si necesita diferentes horarios de check-in \/ check-out o si planea hacer el check-in despu\u00e9s de las 5:00 pm, comun\u00edquese con la gerencia del hotel para determinar si hay arreglos disponibles. Tarifas: Las tarifas se basan&hellip;\" \/>\n<meta property=\"og:url\" content=\"https:\/\/laquintadelsol.com\/es\/policies\/\" \/>\n<meta property=\"og:site_name\" content=\"Hotel La Quinta del Sol\" \/>\n<meta property=\"article:publisher\" content=\"https:\/\/www.facebook.com\/HotelLaQuintaDelSol\/\" \/>\n<meta property=\"article:modified_time\" content=\"2019-03-27T02:42:44+00:00\" \/>\n<meta name=\"twitter:card\" content=\"summary_large_image\" \/>\n<meta name=\"twitter:site\" content=\"@LaQuintaMita\" \/>\n<meta name=\"twitter:label1\" content=\"Tiempo de lectura\" \/>\n\t<meta name=\"twitter:data1\" content=\"2 minutos\" \/>\n<script type=\"application\/ld+json\" class=\"yoast-schema-graph\">{\"@context\":\"https:\/\/schema.org\",\"@graph\":[{\"@type\":\"WebPage\",\"@id\":\"https:\/\/laquintadelsol.com\/es\/policies\/\",\"url\":\"https:\/\/laquintadelsol.com\/es\/policies\/\",\"name\":\"Pol\u00edticas - Hotel La Quinta del Sol\",\"isPartOf\":{\"@id\":\"https:\/\/laquintadelsol.com\/#website\"},\"datePublished\":\"2019-02-19T05:33:06+00:00\",\"dateModified\":\"2019-03-27T02:42:44+00:00\",\"breadcrumb\":{\"@id\":\"https:\/\/laquintadelsol.com\/es\/policies\/#breadcrumb\"},\"inLanguage\":\"es\",\"potentialAction\":[{\"@type\":\"ReadAction\",\"target\":[\"https:\/\/laquintadelsol.com\/es\/policies\/\"]}]},{\"@type\":\"BreadcrumbList\",\"@id\":\"https:\/\/laquintadelsol.com\/es\/policies\/#breadcrumb\",\"itemListElement\":[{\"@type\":\"ListItem\",\"position\":1,\"name\":\"Home\",\"item\":\"https:\/\/laquintadelsol.com\/es\/\"},{\"@type\":\"ListItem\",\"position\":2,\"name\":\"Pol\u00edticas\"}]},{\"@type\":\"WebSite\",\"@id\":\"https:\/\/laquintadelsol.com\/#website\",\"url\":\"https:\/\/laquintadelsol.com\/\",\"name\":\"Hotel La Quinta del Sol\",\"description\":\"The #1 Boutique Hotel in Punta de Mita\",\"publisher\":{\"@id\":\"https:\/\/laquintadelsol.com\/#organization\"},\"potentialAction\":[{\"@type\":\"SearchAction\",\"target\":{\"@type\":\"EntryPoint\",\"urlTemplate\":\"https:\/\/laquintadelsol.com\/?s={search_term_string}\"},\"query-input\":\"required name=search_term_string\"}],\"inLanguage\":\"es\"},{\"@type\":\"Organization\",\"@id\":\"https:\/\/laquintadelsol.com\/#organization\",\"name\":\"Hotel La Quinta del Sol\",\"url\":\"https:\/\/laquintadelsol.com\/\",\"logo\":{\"@type\":\"ImageObject\",\"inLanguage\":\"es\",\"@id\":\"https:\/\/laquintadelsol.com\/#\/schema\/logo\/image\/\",\"url\":\"https:\/\/laquintadelsol.com\/wp-content\/uploads\/2019\/10\/LaQuintalogo-1-to-1-for-Instagram.png\",\"contentUrl\":\"https:\/\/laquintadelsol.com\/wp-content\/uploads\/2019\/10\/LaQuintalogo-1-to-1-for-Instagram.png\",\"width\":200,\"height\":200,\"caption\":\"Hotel La Quinta del Sol\"},\"image\":{\"@id\":\"https:\/\/laquintadelsol.com\/#\/schema\/logo\/image\/\"},\"sameAs\":[\"https:\/\/www.facebook.com\/HotelLaQuintaDelSol\/\",\"https:\/\/x.com\/LaQuintaMita\",\"http:\/\/instagram.com\/hotellaquintadelsol\/\"]}]}<\/script>\n<!-- \/ Yoast SEO plugin. -->","yoast_head_json":{"title":"Pol\u00edticas - Hotel La Quinta del Sol","robots":{"index":"index","follow":"follow","max-snippet":"max-snippet:-1","max-image-preview":"max-image-preview:large","max-video-preview":"max-video-preview:-1"},"canonical":"https:\/\/laquintadelsol.com\/es\/policies\/","og_locale":"es_ES","og_type":"article","og_title":"Pol\u00edticas - Hotel La Quinta del Sol","og_description":"Pol\u00edticas Check-in\/Check-out: El horario de check-in es a las 2:00 pm El horario de check-out es\u00a0a las 11:00 am Si necesita diferentes horarios de check-in \/ check-out o si planea hacer el check-in despu\u00e9s de las 5:00 pm, comun\u00edquese con la gerencia del hotel para determinar si hay arreglos disponibles. Tarifas: Las tarifas se basan&hellip;","og_url":"https:\/\/laquintadelsol.com\/es\/policies\/","og_site_name":"Hotel La Quinta del Sol","article_publisher":"https:\/\/www.facebook.com\/HotelLaQuintaDelSol\/","article_modified_time":"2019-03-27T02:42:44+00:00","twitter_card":"summary_large_image","twitter_site":"@LaQuintaMita","twitter_misc":{"Tiempo de lectura":"2 minutos"},"schema":{"@context":"https:\/\/schema.org","@graph":[{"@type":"WebPage","@id":"https:\/\/laquintadelsol.com\/es\/policies\/","url":"https:\/\/laquintadelsol.com\/es\/policies\/","name":"Pol\u00edticas - Hotel La Quinta del Sol","isPartOf":{"@id":"https:\/\/laquintadelsol.com\/#website"},"datePublished":"2019-02-19T05:33:06+00:00","dateModified":"2019-03-27T02:42:44+00:00","breadcrumb":{"@id":"https:\/\/laquintadelsol.com\/es\/policies\/#breadcrumb"},"inLanguage":"es","potentialAction":[{"@type":"ReadAction","target":["https:\/\/laquintadelsol.com\/es\/policies\/"]}]},{"@type":"BreadcrumbList","@id":"https:\/\/laquintadelsol.com\/es\/policies\/#breadcrumb","itemListElement":[{"@type":"ListItem","position":1,"name":"Home","item":"https:\/\/laquintadelsol.com\/es\/"},{"@type":"ListItem","position":2,"name":"Pol\u00edticas"}]},{"@type":"WebSite","@id":"https:\/\/laquintadelsol.com\/#website","url":"https:\/\/laquintadelsol.com\/","name":"Hotel La Quinta del Sol","description":"The #1 Boutique Hotel in Punta de Mita","publisher":{"@id":"https:\/\/laquintadelsol.com\/#organization"},"potentialAction":[{"@type":"SearchAction","target":{"@type":"EntryPoint","urlTemplate":"https:\/\/laquintadelsol.com\/?s={search_term_string}"},"query-input":"required name=search_term_string"}],"inLanguage":"es"},{"@type":"Organization","@id":"https:\/\/laquintadelsol.com\/#organization","name":"Hotel La Quinta del Sol","url":"https:\/\/laquintadelsol.com\/","logo":{"@type":"ImageObject","inLanguage":"es","@id":"https:\/\/laquintadelsol.com\/#\/schema\/logo\/image\/","url":"https:\/\/laquintadelsol.com\/wp-content\/uploads\/2019\/10\/LaQuintalogo-1-to-1-for-Instagram.png","contentUrl":"https:\/\/laquintadelsol.com\/wp-content\/uploads\/2019\/10\/LaQuintalogo-1-to-1-for-Instagram.png","width":200,"height":200,"caption":"Hotel La Quinta del Sol"},"image":{"@id":"https:\/\/laquintadelsol.com\/#\/schema\/logo\/image\/"},"sameAs":["https:\/\/www.facebook.com\/HotelLaQuintaDelSol\/","https:\/\/x.com\/LaQuintaMita","http:\/\/instagram.com\/hotellaquintadelsol\/"]}]}},"_links":{"self":[{"href":"https:\/\/laquintadelsol.com\/es\/wp-json\/wp\/v2\/pages\/620","targetHints":{"allow":["GET"]}}],"collection":[{"href":"https:\/\/laquintadelsol.com\/es\/wp-json\/wp\/v2\/pages"}],"about":[{"href":"https:\/\/laquintadelsol.com\/es\/wp-json\/wp\/v2\/types\/page"}],"author":[{"embeddable":true,"href":"https:\/\/laquintadelsol.com\/es\/wp-json\/wp\/v2\/users\/3"}],"replies":[{"embeddable":true,"href":"https:\/\/laquintadelsol.com\/es\/wp-json\/wp\/v2\/comments?post=620"}],"version-history":[{"count":0,"href":"https:\/\/laquintadelsol.com\/es\/wp-json\/wp\/v2\/pages\/620\/revisions"}],"wp:attachment":[{"href":"https:\/\/laquintadelsol.com\/es\/wp-json\/wp\/v2\/media?parent=620"}],"curies":[{"name":"wp","href":"https:\/\/api.w.org\/{rel}","templated":true}]}}