{"id":682,"date":"2019-02-19T07:19:13","date_gmt":"2019-02-19T07:19:13","guid":{"rendered":"http:\/\/laquintadelsol.wpengine.com\/?page_id=682"},"modified":"2019-02-27T06:14:10","modified_gmt":"2019-02-27T06:14:10","slug":"blog","status":"publish","type":"page","link":"https:\/\/laquintadelsol.com\/es\/blog\/","title":{"rendered":"Blog"},"content":{"rendered":"<p>Click here to edit Spacer module.<\/p>\n<h3>\n\t\tQue Dicen Nuestros Huespedes Felices<br \/>\n\t<\/h3>\n<p>\u201cExcelente lugar&#8230;Un lugar para relajarse muy muy ameno y muy recomendable. La vista en la terraza esta muy padre. Est\u00e1 muy cerca de la playa y uno puede relajarse tranquilamente en su club de playa.\u00bb<\/p>\n<p><img decoding=\"async\" src=\"\/wp-content\/uploads\/2019\/02\/avatar072.jpg\" width=\"58px\" height=\"58px\" \/><\/p>\n<p><p>\u201cImpresionante!! Ustedes hicieron la diferencia en este viaje que ha sido el mejor de mi vida en el mejor hotel de Punta de Mita&#8230;estamos agradecidos con La Quinta del Sol.\u00bb<\/p>\n<p><img decoding=\"async\" src=\"\/wp-content\/uploads\/2019\/02\/millan-m.jpg\" width=\"58px\" height=\"58px\" \/><\/p>\n<p><p>\u00abMe encant\u00f3!!! Primera vez que vamos a punta mita, y el lugar simplemente nos encant\u00f3, el hotel es lindo, tranquilo, c\u00f3modo, sencillo, junto al mar, con tu propia cocineta, refri, y el servicio excelente, te hacen sentir como en casa!\u00bb<\/p>\n<p><img decoding=\"async\" src=\"\/wp-content\/uploads\/2019\/02\/steve-v.jpg\" width=\"58px\" height=\"58px\" \/><\/p>\n<p>\n","protected":false},"excerpt":{"rendered":"<p>Click here to edit Spacer module. Que Dicen Nuestros Huespedes Felices \u201cExcelente lugar&#8230;Un lugar para relajarse muy muy ameno y muy recomendable. La vista en la terraza esta muy padre. Est\u00e1 muy cerca de la playa y uno puede relajarse tranquilamente en su club de playa.\u00bb \u201cImpresionante!! Ustedes hicieron la diferencia en este viaje que&hellip;<\/p>\n","protected":false},"author":3,"featured_media":0,"parent":0,"menu_order":0,"comment_status":"closed","ping_status":"closed","template":"","meta":{"_monsterinsights_skip_tracking":false,"_monsterinsights_sitenote_active":false,"_monsterinsights_sitenote_note":"","_monsterinsights_sitenote_category":0,"footnotes":""},"class_list":["post-682","page","type-page","status-publish","hentry"],"yoast_head":"<!-- This site is optimized with the Yoast SEO plugin v22.6 - https:\/\/yoast.com\/wordpress\/plugins\/seo\/ -->\n<title>Blog - Hotel La Quinta del Sol<\/title>\n<meta name=\"robots\" content=\"index, follow, max-snippet:-1, max-image-preview:large, max-video-preview:-1\" \/>\n<link rel=\"canonical\" href=\"https:\/\/laquintadelsol.com\/es\/blog\/\" \/>\n<meta property=\"og:locale\" content=\"es_ES\" \/>\n<meta property=\"og:type\" content=\"article\" \/>\n<meta property=\"og:title\" content=\"Blog - Hotel La Quinta del Sol\" \/>\n<meta property=\"og:description\" content=\"Click here to edit Spacer module. Que Dicen Nuestros Huespedes Felices \u201cExcelente lugar&#8230;Un lugar para relajarse muy muy ameno y muy recomendable. La vista en la terraza esta muy padre. Est\u00e1 muy cerca de la playa y uno puede relajarse tranquilamente en su club de playa.\u00bb \u201cImpresionante!! Ustedes hicieron la diferencia en este viaje que&hellip;\" \/>\n<meta property=\"og:url\" content=\"https:\/\/laquintadelsol.com\/es\/blog\/\" \/>\n<meta property=\"og:site_name\" content=\"Hotel La Quinta del Sol\" \/>\n<meta property=\"article:publisher\" content=\"https:\/\/www.facebook.com\/HotelLaQuintaDelSol\/\" \/>\n<meta property=\"article:modified_time\" content=\"2019-02-27T06:14:10+00:00\" \/>\n<meta name=\"twitter:card\" content=\"summary_large_image\" \/>\n<meta name=\"twitter:site\" content=\"@LaQuintaMita\" \/>\n<meta name=\"twitter:label1\" content=\"Tiempo de lectura\" \/>\n\t<meta name=\"twitter:data1\" content=\"1 minuto\" \/>\n<script type=\"application\/ld+json\" class=\"yoast-schema-graph\">{\"@context\":\"https:\/\/schema.org\",\"@graph\":[{\"@type\":\"WebPage\",\"@id\":\"https:\/\/laquintadelsol.com\/es\/blog\/\",\"url\":\"https:\/\/laquintadelsol.com\/es\/blog\/\",\"name\":\"Blog - Hotel La Quinta del Sol\",\"isPartOf\":{\"@id\":\"https:\/\/laquintadelsol.com\/#website\"},\"datePublished\":\"2019-02-19T07:19:13+00:00\",\"dateModified\":\"2019-02-27T06:14:10+00:00\",\"breadcrumb\":{\"@id\":\"https:\/\/laquintadelsol.com\/es\/blog\/#breadcrumb\"},\"inLanguage\":\"es\",\"potentialAction\":[{\"@type\":\"ReadAction\",\"target\":[\"https:\/\/laquintadelsol.com\/es\/blog\/\"]}]},{\"@type\":\"BreadcrumbList\",\"@id\":\"https:\/\/laquintadelsol.com\/es\/blog\/#breadcrumb\",\"itemListElement\":[{\"@type\":\"ListItem\",\"position\":1,\"name\":\"Home\",\"item\":\"https:\/\/laquintadelsol.com\/es\/\"},{\"@type\":\"ListItem\",\"position\":2,\"name\":\"Blog\"}]},{\"@type\":\"WebSite\",\"@id\":\"https:\/\/laquintadelsol.com\/#website\",\"url\":\"https:\/\/laquintadelsol.com\/\",\"name\":\"Hotel La Quinta del Sol\",\"description\":\"The #1 Boutique Hotel in Punta de Mita\",\"publisher\":{\"@id\":\"https:\/\/laquintadelsol.com\/#organization\"},\"potentialAction\":[{\"@type\":\"SearchAction\",\"target\":{\"@type\":\"EntryPoint\",\"urlTemplate\":\"https:\/\/laquintadelsol.com\/?s={search_term_string}\"},\"query-input\":\"required name=search_term_string\"}],\"inLanguage\":\"es\"},{\"@type\":\"Organization\",\"@id\":\"https:\/\/laquintadelsol.com\/#organization\",\"name\":\"Hotel La Quinta del Sol\",\"url\":\"https:\/\/laquintadelsol.com\/\",\"logo\":{\"@type\":\"ImageObject\",\"inLanguage\":\"es\",\"@id\":\"https:\/\/laquintadelsol.com\/#\/schema\/logo\/image\/\",\"url\":\"https:\/\/laquintadelsol.com\/wp-content\/uploads\/2019\/10\/LaQuintalogo-1-to-1-for-Instagram.png\",\"contentUrl\":\"https:\/\/laquintadelsol.com\/wp-content\/uploads\/2019\/10\/LaQuintalogo-1-to-1-for-Instagram.png\",\"width\":200,\"height\":200,\"caption\":\"Hotel La Quinta del Sol\"},\"image\":{\"@id\":\"https:\/\/laquintadelsol.com\/#\/schema\/logo\/image\/\"},\"sameAs\":[\"https:\/\/www.facebook.com\/HotelLaQuintaDelSol\/\",\"https:\/\/x.com\/LaQuintaMita\",\"http:\/\/instagram.com\/hotellaquintadelsol\/\"]}]}<\/script>\n<!-- \/ Yoast SEO plugin. -->","yoast_head_json":{"title":"Blog - Hotel La Quinta del Sol","robots":{"index":"index","follow":"follow","max-snippet":"max-snippet:-1","max-image-preview":"max-image-preview:large","max-video-preview":"max-video-preview:-1"},"canonical":"https:\/\/laquintadelsol.com\/es\/blog\/","og_locale":"es_ES","og_type":"article","og_title":"Blog - Hotel La Quinta del Sol","og_description":"Click here to edit Spacer module. Que Dicen Nuestros Huespedes Felices \u201cExcelente lugar&#8230;Un lugar para relajarse muy muy ameno y muy recomendable. La vista en la terraza esta muy padre. Est\u00e1 muy cerca de la playa y uno puede relajarse tranquilamente en su club de playa.\u00bb \u201cImpresionante!! Ustedes hicieron la diferencia en este viaje que&hellip;","og_url":"https:\/\/laquintadelsol.com\/es\/blog\/","og_site_name":"Hotel La Quinta del Sol","article_publisher":"https:\/\/www.facebook.com\/HotelLaQuintaDelSol\/","article_modified_time":"2019-02-27T06:14:10+00:00","twitter_card":"summary_large_image","twitter_site":"@LaQuintaMita","twitter_misc":{"Tiempo de lectura":"1 minuto"},"schema":{"@context":"https:\/\/schema.org","@graph":[{"@type":"WebPage","@id":"https:\/\/laquintadelsol.com\/es\/blog\/","url":"https:\/\/laquintadelsol.com\/es\/blog\/","name":"Blog - Hotel La Quinta del Sol","isPartOf":{"@id":"https:\/\/laquintadelsol.com\/#website"},"datePublished":"2019-02-19T07:19:13+00:00","dateModified":"2019-02-27T06:14:10+00:00","breadcrumb":{"@id":"https:\/\/laquintadelsol.com\/es\/blog\/#breadcrumb"},"inLanguage":"es","potentialAction":[{"@type":"ReadAction","target":["https:\/\/laquintadelsol.com\/es\/blog\/"]}]},{"@type":"BreadcrumbList","@id":"https:\/\/laquintadelsol.com\/es\/blog\/#breadcrumb","itemListElement":[{"@type":"ListItem","position":1,"name":"Home","item":"https:\/\/laquintadelsol.com\/es\/"},{"@type":"ListItem","position":2,"name":"Blog"}]},{"@type":"WebSite","@id":"https:\/\/laquintadelsol.com\/#website","url":"https:\/\/laquintadelsol.com\/","name":"Hotel La Quinta del Sol","description":"The #1 Boutique Hotel in Punta de Mita","publisher":{"@id":"https:\/\/laquintadelsol.com\/#organization"},"potentialAction":[{"@type":"SearchAction","target":{"@type":"EntryPoint","urlTemplate":"https:\/\/laquintadelsol.com\/?s={search_term_string}"},"query-input":"required name=search_term_string"}],"inLanguage":"es"},{"@type":"Organization","@id":"https:\/\/laquintadelsol.com\/#organization","name":"Hotel La Quinta del Sol","url":"https:\/\/laquintadelsol.com\/","logo":{"@type":"ImageObject","inLanguage":"es","@id":"https:\/\/laquintadelsol.com\/#\/schema\/logo\/image\/","url":"https:\/\/laquintadelsol.com\/wp-content\/uploads\/2019\/10\/LaQuintalogo-1-to-1-for-Instagram.png","contentUrl":"https:\/\/laquintadelsol.com\/wp-content\/uploads\/2019\/10\/LaQuintalogo-1-to-1-for-Instagram.png","width":200,"height":200,"caption":"Hotel La Quinta del Sol"},"image":{"@id":"https:\/\/laquintadelsol.com\/#\/schema\/logo\/image\/"},"sameAs":["https:\/\/www.facebook.com\/HotelLaQuintaDelSol\/","https:\/\/x.com\/LaQuintaMita","http:\/\/instagram.com\/hotellaquintadelsol\/"]}]}},"_links":{"self":[{"href":"https:\/\/laquintadelsol.com\/es\/wp-json\/wp\/v2\/pages\/682","targetHints":{"allow":["GET"]}}],"collection":[{"href":"https:\/\/laquintadelsol.com\/es\/wp-json\/wp\/v2\/pages"}],"about":[{"href":"https:\/\/laquintadelsol.com\/es\/wp-json\/wp\/v2\/types\/page"}],"author":[{"embeddable":true,"href":"https:\/\/laquintadelsol.com\/es\/wp-json\/wp\/v2\/users\/3"}],"replies":[{"embeddable":true,"href":"https:\/\/laquintadelsol.com\/es\/wp-json\/wp\/v2\/comments?post=682"}],"version-history":[{"count":0,"href":"https:\/\/laquintadelsol.com\/es\/wp-json\/wp\/v2\/pages\/682\/revisions"}],"wp:attachment":[{"href":"https:\/\/laquintadelsol.com\/es\/wp-json\/wp\/v2\/media?parent=682"}],"curies":[{"name":"wp","href":"https:\/\/api.w.org\/{rel}","templated":true}]}}